{"id":3957,"date":"2026-01-27T17:03:31","date_gmt":"2026-01-27T15:03:31","guid":{"rendered":"https:\/\/www.publicadvisors.ro\/?page_id=3957"},"modified":"2026-01-27T17:36:14","modified_gmt":"2026-01-27T15:36:14","slug":"politica-csr","status":"publish","type":"page","link":"https:\/\/www.publicadvisors.ro\/ro\/contact\/privacy-policy\/politica-csr\/","title":{"rendered":"Politic\u0103 de CSR"},"content":{"rendered":"<div data-elementor-type=\"wp-page\" data-elementor-id=\"3957\" class=\"elementor elementor-3957\" data-elementor-settings=\"[]\">\n\t\t\t\t\t\t<div class=\"elementor-inner\">\n\t\t\t\t\t\t\t<div class=\"elementor-section-wrap\">\n\t\t\t\t\t\t\t<section class=\"elementor-section elementor-top-section elementor-element elementor-element-794ee591 elementor-section-boxed elementor-section-height-default elementor-section-height-default\" data-id=\"794ee591\" data-element_type=\"section\">\n\t\t\t\t\t\t<div class=\"elementor-container elementor-column-gap-default\">\n\t\t\t\t\t\t\t<div class=\"elementor-row\">\n\t\t\t\t\t<div class=\"elementor-column elementor-col-100 elementor-top-column elementor-element elementor-element-3db82656\" data-id=\"3db82656\" data-element_type=\"column\">\n\t\t\t<div class=\"elementor-column-wrap elementor-element-populated\">\n\t\t\t\t\t\t\t<div class=\"elementor-widget-wrap\">\n\t\t\t\t\t\t<div class=\"elementor-element elementor-element-7bddcc86 elementor-widget elementor-widget-text-editor\" data-id=\"7bddcc86\" data-element_type=\"widget\" data-widget_type=\"text-editor.default\">\n\t\t\t\t<div class=\"elementor-widget-container\">\n\t\t\t\t\t<div class=\"elementor-text-editor elementor-clearfix\"><header class=\"entry-header ast-no-thumbnail ast-no-meta\"><h4 class=\"entry-title\">Politic\u0103 de CSR<\/h4><\/header><p><span style=\"font-style: inherit; font-weight: inherit; text-align: left;\">La The Public Advisors credem c\u0103 o agen\u021bie de comunicare are datoria s\u0103 fie mai mult dec\u00e2t un furnizor de servicii: s\u0103 fie un actor responsabil \u00een societate. De peste 10 ani ne folosim expertiza pentru a sus\u021bine cauze care schimb\u0103 vie\u021bi \u2013 de la s\u0103n\u0103tate \u0219i educa\u021bie, la mediu \u0219i comunitate.<\/span><\/p><h6><span style=\"font-style: inherit; font-weight: inherit;\">Cum ne implic\u0103m:<\/span><\/h6><h4><span style=\"font-style: inherit; font-weight: inherit;\">\u2022 Pentru societate \u0219i s\u0103n\u0103tate<\/span><\/h4><p style=\"text-align: left;\"><span style=\"font-style: inherit; font-weight: inherit;\">Am sus\u021binut campanii pentru organiza\u021bii precum Asocia\u021bia de Lupt\u0103 \u00eempotriva bolii Parkinson (\u201eGr\u0103dina cu speran\u021be\u201d), Liga Rom\u00e2n\u0103 contra Reumatismului (\u201eNu-\u021bi \u00eentoarce spatele\u201d), APAN Rom\u00e2nia (\u201eFemei cu Scleroz\u0103 Multipl\u0103\u201d, #BringingUsCloser), depreHUB (\u201eNu da doar cu SEEN\u201d \u2013 suicid la adolescen\u021bi \u00een jurul filmului OTTO Barbarul), dar \u0219i campania #ScutPentruSpitale al\u0103turi de Asocia\u021bia Zi de Bine, care a str\u00e2ns 1 milion de euro pentru spitale \u00een pandemie.<\/span><\/p><h4><span style=\"font-style: inherit; font-weight: inherit;\">\u2022 Pentru mediu<\/span><\/h4><p style=\"text-align: left;\"><span style=\"font-style: inherit; font-weight: inherit;\">Ne implic\u0103m \u00een ac\u021biuni concrete: str\u00e2ngere de de\u0219euri pe malul Dun\u0103rii cu Asocia\u021bia Mai Mult Verde, activit\u0103\u021bi de cules ghinde al\u0103turi de Asocia\u021bia P\u0103durea Copiilor pentru Pepiniera Educa\u021bional\u0103 Participativ\u0103 \u0219i Incluziv\u0103 de la Pas\u0103rea, dar \u0219i prin ini\u021biative interne de \u201ebirou verde\u201d.<\/span><\/p><h4><span style=\"font-style: inherit; font-weight: inherit;\">\u2022 Pentru comunitate \u0219i spa\u021biul public<\/span><\/h4><p style=\"text-align: left;\"><span style=\"font-style: inherit; font-weight: inherit;\">Am sus\u021binut Asocia\u021bia \u201eSalva\u021bi zona verde Domni\u0219oara Pogany\u201d \u00een campania de PR \u201eArmata Juc\u0103riilor\u201d, pentru protejarea unui spa\u021biu verde public de construc\u021bii abuzive.<\/span><\/p><h4><span style=\"font-style: inherit; font-weight: inherit; font-size: 1.4rem;\">\u2022 Pentru angaja\u021bi<\/span><\/h4><p style=\"text-align: left;\"><span style=\"font-style: inherit; font-weight: inherit;\">Oferim programe flexibile \u0219i activit\u0103\u021bi de wellbeing, pentru ca oamenii din echip\u0103 s\u0103 poat\u0103 contribui la cauze \u00een care cred, f\u0103r\u0103 s\u0103 renun\u021be la echilibrul lor personal.<\/span><\/p><h4><span style=\"font-style: inherit; font-weight: inherit;\">Standardele noastre<\/span><\/h4><p style=\"text-align: left;\"><span style=\"font-style: inherit; font-weight: inherit;\">Politica noastr\u0103 de CSR este aliniat\u0103 la principiile ISO 26000 \u0219i la cadrul ESG (Environmental, Social, Governance) \u0219i include obiective clare, monitorizare anual\u0103 \u0219i raportare transparent\u0103 a activit\u0103\u021bilor noastre.<\/span><\/p><p style=\"text-align: left;\"><a style=\"font-style: inherit; font-weight: inherit; background-color: #0b0b0b;\" href=\"https:\/\/www.publicadvisors.ro\/wp-content\/uploads\/2026\/01\/TPA-CSR_compressed.pdf\">Pute\u021bi consulta Politica de CSR aici<\/a><span style=\"font-style: inherit; font-weight: inherit;\">.<\/span><\/p><\/div>\n\t\t\t\t<\/div>\n\t\t\t\t<\/div>\n\t\t\t\t\t\t<\/div>\n\t\t\t\t\t<\/div>\n\t\t<\/div>\n\t\t\t\t\t\t\t\t<\/div>\n\t\t\t\t\t<\/div>\n\t\t<\/section>\n\t\t\t\t\t\t<\/div>\n\t\t\t\t\t\t<\/div>\n\t\t\t\t\t<\/div>","protected":false},"excerpt":{"rendered":"<p>Politic\u0103 de CSR La The Public Advisors credem c\u0103 o agen\u021bie de comunicare are datoria s\u0103 fie mai mult dec\u00e2t un furnizor de servicii: s\u0103 fie un actor responsabil \u00een societate. De peste 10 ani ne folosim expertiza pentru a sus\u021bine cauze care schimb\u0103 vie\u021bi \u2013 de la s\u0103n\u0103tate \u0219i educa\u021bie, la mediu \u0219i comunitate. &hellip;<\/p>\n<p class=\"read-more\"> <a class=\"ast-button\" href=\"https:\/\/www.publicadvisors.ro\/ro\/contact\/privacy-policy\/politica-csr\/\"> <span class=\"screen-reader-text\">Politic\u0103 de CSR<\/span> Cite\u0219te mai mult \u00bb<\/a><\/p>","protected":false},"author":1,"featured_media":0,"parent":3,"menu_order":0,"comment_status":"closed","ping_status":"closed","template":"","meta":[],"_links":{"self":[{"href":"https:\/\/www.publicadvisors.ro\/ro\/wp-json\/wp\/v2\/pages\/3957"}],"collection":[{"href":"https:\/\/www.publicadvisors.ro\/ro\/wp-json\/wp\/v2\/pages"}],"about":[{"href":"https:\/\/www.publicadvisors.ro\/ro\/wp-json\/wp\/v2\/types\/page"}],"author":[{"embeddable":true,"href":"https:\/\/www.publicadvisors.ro\/ro\/wp-json\/wp\/v2\/users\/1"}],"replies":[{"embeddable":true,"href":"https:\/\/www.publicadvisors.ro\/ro\/wp-json\/wp\/v2\/comments?post=3957"}],"version-history":[{"count":10,"href":"https:\/\/www.publicadvisors.ro\/ro\/wp-json\/wp\/v2\/pages\/3957\/revisions"}],"predecessor-version":[{"id":3970,"href":"https:\/\/www.publicadvisors.ro\/ro\/wp-json\/wp\/v2\/pages\/3957\/revisions\/3970"}],"up":[{"embeddable":true,"href":"https:\/\/www.publicadvisors.ro\/ro\/wp-json\/wp\/v2\/pages\/3"}],"wp:attachment":[{"href":"https:\/\/www.publicadvisors.ro\/ro\/wp-json\/wp\/v2\/media?parent=3957"}],"curies":[{"name":"wp","href":"https:\/\/api.w.org\/{rel}","templated":true}]}}