{"id":3824,"date":"2025-11-20T11:41:19","date_gmt":"2025-11-20T09:41:19","guid":{"rendered":"https:\/\/www.publicadvisors.ro\/?page_id=3824"},"modified":"2025-11-20T11:44:37","modified_gmt":"2025-11-20T09:44:37","slug":"research","status":"publish","type":"page","link":"https:\/\/www.publicadvisors.ro\/ro\/services-old\/research\/","title":{"rendered":"cercetare"},"content":{"rendered":"<div data-elementor-type=\"wp-page\" data-elementor-id=\"3824\" class=\"elementor elementor-3824\" data-elementor-settings=\"[]\">\n\t\t\t\t\t\t<div class=\"elementor-inner\">\n\t\t\t\t\t\t\t<div class=\"elementor-section-wrap\">\n\t\t\t\t\t\t\t<section class=\"elementor-section elementor-top-section elementor-element elementor-element-crrdtxe elementor-section-boxed elementor-section-height-default elementor-section-height-default\" data-id=\"crrdtxe\" data-element_type=\"section\" data-settings=\"{&quot;background_background&quot;:&quot;classic&quot;}\">\n\t\t\t\t\t\t\t<div class=\"elementor-background-overlay\"><\/div>\n\t\t\t\t\t\t\t<div class=\"elementor-container elementor-column-gap-wider\">\n\t\t\t\t\t\t\t<div class=\"elementor-row\">\n\t\t\t\t\t<div class=\"elementor-column elementor-col-100 elementor-top-column elementor-element elementor-element-vpnscgk\" data-id=\"vpnscgk\" data-element_type=\"column\">\n\t\t\t<div class=\"elementor-column-wrap elementor-element-populated\">\n\t\t\t\t\t\t\t<div class=\"elementor-widget-wrap\">\n\t\t\t\t\t\t<div class=\"elementor-element elementor-element-qwxlibr elementor-widget elementor-widget-divider\" data-id=\"qwxlibr\" data-element_type=\"widget\" data-widget_type=\"divider.default\">\n\t\t\t\t<div class=\"elementor-widget-container\">\n\t\t\t\t\t<div class=\"elementor-divider\">\n\t\t\t<span class=\"elementor-divider-separator\">\n\t\t\t\t\t\t<\/span>\n\t\t<\/div>\n\t\t\t\t<\/div>\n\t\t\t\t<\/div>\n\t\t\t\t<div class=\"elementor-element elementor-element-txcbxjm elementor-widget elementor-widget-heading\" data-id=\"txcbxjm\" data-element_type=\"widget\" data-widget_type=\"heading.default\">\n\t\t\t\t<div class=\"elementor-widget-container\">\n\t\t\t<h1 class=\"elementor-heading-title elementor-size-default\">cercetare<\/h1>\t\t<\/div>\n\t\t\t\t<\/div>\n\t\t\t\t\t\t<\/div>\n\t\t\t\t\t<\/div>\n\t\t<\/div>\n\t\t\t\t\t\t\t\t<\/div>\n\t\t\t\t\t<\/div>\n\t\t<\/section>\n\t\t\t\t<section class=\"elementor-section elementor-top-section elementor-element elementor-element-5fb5b37 elementor-section-boxed elementor-section-height-default elementor-section-height-default\" data-id=\"5fb5b37\" data-element_type=\"section\" data-settings=\"{&quot;background_background&quot;:&quot;classic&quot;}\">\n\t\t\t\t\t\t<div class=\"elementor-container elementor-column-gap-default\">\n\t\t\t\t\t\t\t<div class=\"elementor-row\">\n\t\t\t\t\t<div class=\"elementor-column elementor-col-50 elementor-top-column elementor-element elementor-element-03e341a\" data-id=\"03e341a\" data-element_type=\"column\">\n\t\t\t<div class=\"elementor-column-wrap elementor-element-populated\">\n\t\t\t\t\t\t\t<div class=\"elementor-widget-wrap\">\n\t\t\t\t\t\t<section class=\"elementor-section elementor-inner-section elementor-element elementor-element-fa274a2 elementor-section-boxed elementor-section-height-default elementor-section-height-default\" data-id=\"fa274a2\" data-element_type=\"section\">\n\t\t\t\t\t\t<div class=\"elementor-container elementor-column-gap-default\">\n\t\t\t\t\t\t\t<div class=\"elementor-row\">\n\t\t\t\t\t<div class=\"elementor-column elementor-col-50 elementor-inner-column elementor-element elementor-element-ac83da0\" data-id=\"ac83da0\" data-element_type=\"column\">\n\t\t\t<div class=\"elementor-column-wrap elementor-element-populated\">\n\t\t\t\t\t\t\t<div class=\"elementor-widget-wrap\">\n\t\t\t\t\t\t<div class=\"elementor-element elementor-element-79e7daa elementor-view-default elementor-widget elementor-widget-icon\" data-id=\"79e7daa\" data-element_type=\"widget\" data-widget_type=\"icon.default\">\n\t\t\t\t<div class=\"elementor-widget-container\">\n\t\t\t\t\t<div class=\"elementor-icon-wrapper\">\n\t\t\t<div class=\"elementor-icon\">\n\t\t\t<i aria-hidden=\"true\" class=\"icon icon-brain-chess-pawn-strategy-move-play\"><\/i>\t\t\t<\/div>\n\t\t<\/div>\n\t\t\t\t<\/div>\n\t\t\t\t<\/div>\n\t\t\t\t\t\t<\/div>\n\t\t\t\t\t<\/div>\n\t\t<\/div>\n\t\t\t\t<div class=\"elementor-column elementor-col-50 elementor-inner-column elementor-element elementor-element-46d75c3\" data-id=\"46d75c3\" data-element_type=\"column\">\n\t\t\t<div class=\"elementor-column-wrap elementor-element-populated\">\n\t\t\t\t\t\t\t<div class=\"elementor-widget-wrap\">\n\t\t\t\t\t\t<div class=\"elementor-element elementor-element-4c3c888 elementor-widget elementor-widget-heading\" data-id=\"4c3c888\" data-element_type=\"widget\" data-widget_type=\"heading.default\">\n\t\t\t\t<div class=\"elementor-widget-container\">\n\t\t\t<h2 class=\"elementor-heading-title elementor-size-default\">cercetare<\/h2>\t\t<\/div>\n\t\t\t\t<\/div>\n\t\t\t\t\t\t<\/div>\n\t\t\t\t\t<\/div>\n\t\t<\/div>\n\t\t\t\t\t\t\t\t<\/div>\n\t\t\t\t\t<\/div>\n\t\t<\/section>\n\t\t\t\t<div class=\"elementor-element elementor-element-f0dd876 elementor-widget elementor-widget-text-editor\" data-id=\"f0dd876\" data-element_type=\"widget\" data-widget_type=\"text-editor.default\">\n\t\t\t\t<div class=\"elementor-widget-container\">\n\t\t\t\t\t<div class=\"elementor-text-editor elementor-clearfix\"><p><span style=\"font-weight: 400;\">Cercetarea este funda\u021bia deciziilor informate, oferind claritate, direc\u021bie \u0219i validare \u00een perioade de schimbare sau incertitudine.<\/span><\/p><p><span style=\"font-weight: 400;\">La The Public Advisors, desf\u0103\u0219ur\u0103m proiecte strategice de cercetare care \u00eei sprijin\u0103 pe clien\u021bii no\u0219tri \u00een rezolvarea problemelor, testarea ideilor sau redefinirea strategiilor de business. De la colectarea datelor \u0219i interviuri cu p\u0103r\u021bile interesate, p\u00e2n\u0103 la analize calitative \u0219i recomand\u0103ri extrase din concluzii relevante, livr\u0103m cercet\u0103ri care conduc la ac\u021biuni concrete. Abordarea noastr\u0103 \u00eembin\u0103 teoria cu practica \u0219i se finalizeaz\u0103 cu workshopuri creative, menite s\u0103 transforme insight-urile \u00een solu\u021bii aplicabile. Indiferent dac\u0103 lansezi o campanie, \u00ee\u021bi repozi\u021bionezi brandul sau explorezi o nou\u0103 pia\u021b\u0103, \u00ee\u021bi oferim r\u0103spunsuri clare, care te ajut\u0103 s\u0103 mergi mai departe cu \u00eencredere.<\/span><\/p><\/div>\n\t\t\t\t<\/div>\n\t\t\t\t<\/div>\n\t\t\t\t\t\t<\/div>\n\t\t\t\t\t<\/div>\n\t\t<\/div>\n\t\t\t\t<div class=\"elementor-column elementor-col-50 elementor-top-column elementor-element elementor-element-eaf1248\" data-id=\"eaf1248\" data-element_type=\"column\">\n\t\t\t<div class=\"elementor-column-wrap elementor-element-populated\">\n\t\t\t\t\t\t\t<div class=\"elementor-widget-wrap\">\n\t\t\t\t\t\t<section class=\"elementor-section elementor-inner-section elementor-element elementor-element-89958bf elementor-section-boxed elementor-section-height-default elementor-section-height-default\" data-id=\"89958bf\" data-element_type=\"section\">\n\t\t\t\t\t\t<div class=\"elementor-container elementor-column-gap-default\">\n\t\t\t\t\t\t\t<div class=\"elementor-row\">\n\t\t\t\t\t<div class=\"elementor-column elementor-col-50 elementor-inner-column elementor-element elementor-element-7e1e471\" data-id=\"7e1e471\" data-element_type=\"column\">\n\t\t\t<div class=\"elementor-column-wrap elementor-element-populated\">\n\t\t\t\t\t\t\t<div class=\"elementor-widget-wrap\">\n\t\t\t\t\t\t<div class=\"elementor-element elementor-element-b1e43e2 elementor-widget elementor-widget-heading\" data-id=\"b1e43e2\" data-element_type=\"widget\" data-widget_type=\"heading.default\">\n\t\t\t\t<div class=\"elementor-widget-container\">\n\t\t\t<h2 class=\"elementor-heading-title elementor-size-default\"><a href=\"https:\/\/www.publicadvisors.ro\/ro\/campaign-sif-moldova-devine-evergent-investments\/\">Proiect cheie<\/a><\/h2>\t\t<\/div>\n\t\t\t\t<\/div>\n\t\t\t\t\t\t<\/div>\n\t\t\t\t\t<\/div>\n\t\t<\/div>\n\t\t\t\t<div class=\"elementor-column elementor-col-50 elementor-inner-column elementor-element elementor-element-0bc49d5\" data-id=\"0bc49d5\" data-element_type=\"column\">\n\t\t\t<div class=\"elementor-column-wrap\">\n\t\t\t\t\t\t\t<div class=\"elementor-widget-wrap\">\n\t\t\t\t\t\t\t\t<\/div>\n\t\t\t\t\t<\/div>\n\t\t<\/div>\n\t\t\t\t\t\t\t\t<\/div>\n\t\t\t\t\t<\/div>\n\t\t<\/section>\n\t\t\t\t<div class=\"elementor-element elementor-element-3e769d2 elementor-widget elementor-widget-text-editor\" data-id=\"3e769d2\" data-element_type=\"widget\" data-widget_type=\"text-editor.default\">\n\t\t\t\t<div class=\"elementor-widget-container\">\n\t\t\t\t\t<div class=\"elementor-text-editor elementor-clearfix\"><ul><li><p><a href=\"https:\/\/www.publicadvisors.ro\/ro\/campaign-the-army-of-toys\/\">armata juc\u0103riilor<\/a><\/p><\/li><\/ul><\/div>\n\t\t\t\t<\/div>\n\t\t\t\t<\/div>\n\t\t\t\t<div class=\"elementor-element elementor-element-7f06dd6 elementor-invisible elementor-widget elementor-widget-divider\" data-id=\"7f06dd6\" data-element_type=\"widget\" data-settings=\"{&quot;_animation&quot;:&quot;none&quot;}\" data-widget_type=\"divider.default\">\n\t\t\t\t<div class=\"elementor-widget-container\">\n\t\t\t\t\t<div class=\"elementor-divider\">\n\t\t\t<span class=\"elementor-divider-separator\">\n\t\t\t\t\t\t<\/span>\n\t\t<\/div>\n\t\t\t\t<\/div>\n\t\t\t\t<\/div>\n\t\t\t\t<section class=\"elementor-section elementor-inner-section elementor-element elementor-element-7e21a84 elementor-section-boxed elementor-section-height-default elementor-section-height-default\" data-id=\"7e21a84\" data-element_type=\"section\">\n\t\t\t\t\t\t<div class=\"elementor-container elementor-column-gap-default\">\n\t\t\t\t\t\t\t<div class=\"elementor-row\">\n\t\t\t\t\t<div class=\"elementor-column elementor-col-50 elementor-inner-column elementor-element elementor-element-50283e5\" data-id=\"50283e5\" data-element_type=\"column\">\n\t\t\t<div class=\"elementor-column-wrap elementor-element-populated\">\n\t\t\t\t\t\t\t<div class=\"elementor-widget-wrap\">\n\t\t\t\t\t\t<div class=\"elementor-element elementor-element-7deecb7 elementor-widget elementor-widget-heading\" data-id=\"7deecb7\" data-element_type=\"widget\" data-widget_type=\"heading.default\">\n\t\t\t\t<div class=\"elementor-widget-container\">\n\t\t\t<h2 class=\"elementor-heading-title elementor-size-default\">Proiecte<\/h2>\t\t<\/div>\n\t\t\t\t<\/div>\n\t\t\t\t\t\t<\/div>\n\t\t\t\t\t<\/div>\n\t\t<\/div>\n\t\t\t\t<div class=\"elementor-column elementor-col-50 elementor-inner-column elementor-element elementor-element-54424eb\" data-id=\"54424eb\" data-element_type=\"column\">\n\t\t\t<div class=\"elementor-column-wrap\">\n\t\t\t\t\t\t\t<div class=\"elementor-widget-wrap\">\n\t\t\t\t\t\t\t\t<\/div>\n\t\t\t\t\t<\/div>\n\t\t<\/div>\n\t\t\t\t\t\t\t\t<\/div>\n\t\t\t\t\t<\/div>\n\t\t<\/section>\n\t\t\t\t<section class=\"elementor-section elementor-inner-section elementor-element elementor-element-5463ef8 elementor-section-boxed elementor-section-height-default elementor-section-height-default\" data-id=\"5463ef8\" data-element_type=\"section\">\n\t\t\t\t\t\t<div class=\"elementor-container elementor-column-gap-default\">\n\t\t\t\t\t\t\t<div class=\"elementor-row\">\n\t\t\t\t\t<div class=\"elementor-column elementor-col-50 elementor-inner-column elementor-element elementor-element-556dc01\" data-id=\"556dc01\" data-element_type=\"column\">\n\t\t\t<div class=\"elementor-column-wrap elementor-element-populated\">\n\t\t\t\t\t\t\t<div class=\"elementor-widget-wrap\">\n\t\t\t\t\t\t<div class=\"elementor-element elementor-element-4caf289 elementor-widget elementor-widget-text-editor\" data-id=\"4caf289\" data-element_type=\"widget\" data-widget_type=\"text-editor.default\">\n\t\t\t\t<div class=\"elementor-widget-container\">\n\t\t\t\t\t<div class=\"elementor-text-editor elementor-clearfix\"><ul><li><a href=\"https:\/\/www.publicadvisors.ro\/ro\/campaign-sif-moldova-devine-evergent-investments\/\">sif moldova devine evergent investments<\/a><\/li><li><a href=\"https:\/\/www.publicadvisors.ro\/ro\/campaign-slot-machines-how-its-made-romslot-association\/\">aparatele de p\u0103c\u0103nele, cum sunt fabricate? \u2013 asocia\u021bia romslot<\/a><\/li><li><a href=\"https:\/\/www.publicadvisors.ro\/ro\/campaign-dont-turn-your-back-romanian-league-of-rheumatology\/\">nu-\u021bi \u00eentoarce spatele \u2013 liga rom\u00e2n\u0103 de reumatologie<\/a><\/li><\/ul><\/div>\n\t\t\t\t<\/div>\n\t\t\t\t<\/div>\n\t\t\t\t\t\t<\/div>\n\t\t\t\t\t<\/div>\n\t\t<\/div>\n\t\t\t\t<div class=\"elementor-column elementor-col-50 elementor-inner-column elementor-element elementor-element-53d1581\" data-id=\"53d1581\" data-element_type=\"column\">\n\t\t\t<div class=\"elementor-column-wrap elementor-element-populated\">\n\t\t\t\t\t\t\t<div class=\"elementor-widget-wrap\">\n\t\t\t\t\t\t<div class=\"elementor-element elementor-element-e884216 elementor-widget elementor-widget-text-editor\" data-id=\"e884216\" data-element_type=\"widget\" data-widget_type=\"text-editor.default\">\n\t\t\t\t<div class=\"elementor-widget-container\">\n\t\t\t\t\t<div class=\"elementor-text-editor elementor-clearfix\"><ul><li><a href=\"https:\/\/www.publicadvisors.ro\/ro\/campaign-national-day-of-fighting-against-ilicit-trade-activ-association\/\">ziua na\u021bional\u0103 a luptei \u00eempotriva comer\u021bului ilicit \u2013 asocia\u021bia active<\/a><\/li><li><a href=\"https:\/\/www.publicadvisors.ro\/ro\/campaign-the-army-of-toys\/\">armata juc\u0103riilor<\/a><\/li><li><a href=\"https:\/\/www.publicadvisors.ro\/ro\/campaign-shaorma-in-dex-class\/\">#shaorma in dex \u2013 class<\/a><\/li><li><a href=\"https:\/\/www.publicadvisors.ro\/ro\/campaign-brio-introduces-standardized-testing-in-romania\/\">brio introduce testarea standardizat\u0103 \u00een rom\u00e2nia<\/a><\/li><\/ul><\/div>\n\t\t\t\t<\/div>\n\t\t\t\t<\/div>\n\t\t\t\t\t\t<\/div>\n\t\t\t\t\t<\/div>\n\t\t<\/div>\n\t\t\t\t\t\t\t\t<\/div>\n\t\t\t\t\t<\/div>\n\t\t<\/section>\n\t\t\t\t\t\t<\/div>\n\t\t\t\t\t<\/div>\n\t\t<\/div>\n\t\t\t\t\t\t\t\t<\/div>\n\t\t\t\t\t<\/div>\n\t\t<\/section>\n\t\t\t\t<section class=\"elementor-section elementor-top-section elementor-element elementor-element-2171888a elementor-section-boxed elementor-section-height-default elementor-section-height-default\" data-id=\"2171888a\" data-element_type=\"section\" data-settings=\"{&quot;background_background&quot;:&quot;classic&quot;}\">\n\t\t\t\t\t\t<div class=\"elementor-container elementor-column-gap-default\">\n\t\t\t\t\t\t\t<div class=\"elementor-row\">\n\t\t\t\t\t<div class=\"elementor-column elementor-col-100 elementor-top-column elementor-element elementor-element-a34b06\" data-id=\"a34b06\" data-element_type=\"column\">\n\t\t\t<div class=\"elementor-column-wrap elementor-element-populated\">\n\t\t\t\t\t\t\t<div class=\"elementor-widget-wrap\">\n\t\t\t\t\t\t<div class=\"elementor-element elementor-element-75855cee elementor-widget elementor-widget-divider\" data-id=\"75855cee\" data-element_type=\"widget\" data-widget_type=\"divider.default\">\n\t\t\t\t<div class=\"elementor-widget-container\">\n\t\t\t\t\t<div class=\"elementor-divider\">\n\t\t\t<span class=\"elementor-divider-separator\">\n\t\t\t\t\t\t<\/span>\n\t\t<\/div>\n\t\t\t\t<\/div>\n\t\t\t\t<\/div>\n\t\t\t\t<div class=\"elementor-element elementor-element-270778b0 elementor-widget elementor-widget-heading\" data-id=\"270778b0\" data-element_type=\"widget\" data-widget_type=\"heading.default\">\n\t\t\t\t<div class=\"elementor-widget-container\">\n\t\t\t<h2 class=\"elementor-heading-title elementor-size-default\">nu fi timid, spune bun\u0103.<\/h2>\t\t<\/div>\n\t\t\t\t<\/div>\n\t\t\t\t<div class=\"elementor-element elementor-element-3f0d65cb elementor-align-center elementor-widget elementor-widget-button\" data-id=\"3f0d65cb\" data-element_type=\"widget\" data-widget_type=\"button.default\">\n\t\t\t\t<div class=\"elementor-widget-container\">\n\t\t\t\t\t<div class=\"elementor-button-wrapper\">\n\t\t\t<a href=\"\/ro\/contact\/\" class=\"elementor-button-link elementor-button elementor-size-sm elementor-animation-float\" role=\"button\">\n\t\t\t\t\t\t<span class=\"elementor-button-content-wrapper\">\n\t\t\t\t\t\t<span class=\"elementor-button-text\">contacteaz\u0103-ne.<\/span>\n\t\t<\/span>\n\t\t\t\t\t<\/a>\n\t\t<\/div>\n\t\t\t\t<\/div>\n\t\t\t\t<\/div>\n\t\t\t\t\t\t<\/div>\n\t\t\t\t\t<\/div>\n\t\t<\/div>\n\t\t\t\t\t\t\t\t<\/div>\n\t\t\t\t\t<\/div>\n\t\t<\/section>\n\t\t\t\t\t\t<\/div>\n\t\t\t\t\t\t<\/div>\n\t\t\t\t\t<\/div>","protected":false},"excerpt":{"rendered":"<p>Research Research Research is the foundation for informed decision-making, offering clarity, direction, and validation in times of change or uncertainty. At The Public Advisors, we conduct strategic research projects that support our clients in solving problems, testing ideas, or reshaping business strategies. From data collection and stakeholder interviews to qualitative analysis and insight-driven recommendations, we &hellip;<\/p>\n<p class=\"read-more\"> <a class=\"ast-button\" href=\"https:\/\/www.publicadvisors.ro\/ro\/services-old\/research\/\"> <span class=\"screen-reader-text\">cercetare<\/span> Cite\u0219te mai mult \u00bb<\/a><\/p>","protected":false},"author":2,"featured_media":0,"parent":26,"menu_order":0,"comment_status":"closed","ping_status":"closed","template":"","meta":[],"_links":{"self":[{"href":"https:\/\/www.publicadvisors.ro\/ro\/wp-json\/wp\/v2\/pages\/3824"}],"collection":[{"href":"https:\/\/www.publicadvisors.ro\/ro\/wp-json\/wp\/v2\/pages"}],"about":[{"href":"https:\/\/www.publicadvisors.ro\/ro\/wp-json\/wp\/v2\/types\/page"}],"author":[{"embeddable":true,"href":"https:\/\/www.publicadvisors.ro\/ro\/wp-json\/wp\/v2\/users\/2"}],"replies":[{"embeddable":true,"href":"https:\/\/www.publicadvisors.ro\/ro\/wp-json\/wp\/v2\/comments?post=3824"}],"version-history":[{"count":3,"href":"https:\/\/www.publicadvisors.ro\/ro\/wp-json\/wp\/v2\/pages\/3824\/revisions"}],"predecessor-version":[{"id":3827,"href":"https:\/\/www.publicadvisors.ro\/ro\/wp-json\/wp\/v2\/pages\/3824\/revisions\/3827"}],"up":[{"embeddable":true,"href":"https:\/\/www.publicadvisors.ro\/ro\/wp-json\/wp\/v2\/pages\/26"}],"wp:attachment":[{"href":"https:\/\/www.publicadvisors.ro\/ro\/wp-json\/wp\/v2\/media?parent=3824"}],"curies":[{"name":"wp","href":"https:\/\/api.w.org\/{rel}","templated":true}]}}