{"id":3780,"date":"2025-11-20T09:16:48","date_gmt":"2025-11-20T07:16:48","guid":{"rendered":"https:\/\/www.publicadvisors.ro\/?page_id=3780"},"modified":"2025-11-20T09:23:04","modified_gmt":"2025-11-20T07:23:04","slug":"social-networks-editorial-content","status":"publish","type":"page","link":"https:\/\/www.publicadvisors.ro\/ro\/services-old\/social-networks-editorial-content\/","title":{"rendered":"Social Networks Editorial Content"},"content":{"rendered":"<div data-elementor-type=\"wp-page\" data-elementor-id=\"3780\" class=\"elementor elementor-3780\" data-elementor-settings=\"[]\">\n\t\t\t\t\t\t<div class=\"elementor-inner\">\n\t\t\t\t\t\t\t<div class=\"elementor-section-wrap\">\n\t\t\t\t\t\t\t<section class=\"elementor-section elementor-top-section elementor-element elementor-element-crrdtxe elementor-section-boxed elementor-section-height-default elementor-section-height-default\" data-id=\"crrdtxe\" data-element_type=\"section\" data-settings=\"{&quot;background_background&quot;:&quot;classic&quot;}\">\n\t\t\t\t\t\t\t<div class=\"elementor-background-overlay\"><\/div>\n\t\t\t\t\t\t\t<div class=\"elementor-container elementor-column-gap-wider\">\n\t\t\t\t\t\t\t<div class=\"elementor-row\">\n\t\t\t\t\t<div class=\"elementor-column elementor-col-100 elementor-top-column elementor-element elementor-element-vpnscgk\" data-id=\"vpnscgk\" data-element_type=\"column\">\n\t\t\t<div class=\"elementor-column-wrap elementor-element-populated\">\n\t\t\t\t\t\t\t<div class=\"elementor-widget-wrap\">\n\t\t\t\t\t\t<div class=\"elementor-element elementor-element-qwxlibr elementor-widget elementor-widget-divider\" data-id=\"qwxlibr\" data-element_type=\"widget\" data-widget_type=\"divider.default\">\n\t\t\t\t<div class=\"elementor-widget-container\">\n\t\t\t\t\t<div class=\"elementor-divider\">\n\t\t\t<span class=\"elementor-divider-separator\">\n\t\t\t\t\t\t<\/span>\n\t\t<\/div>\n\t\t\t\t<\/div>\n\t\t\t\t<\/div>\n\t\t\t\t<div class=\"elementor-element elementor-element-txcbxjm elementor-widget elementor-widget-heading\" data-id=\"txcbxjm\" data-element_type=\"widget\" data-widget_type=\"heading.default\">\n\t\t\t\t<div class=\"elementor-widget-container\">\n\t\t\t<h1 class=\"elementor-heading-title elementor-size-default translation-block\">con\u021binut editorial <br>pentru re\u021belele sociale<\/h1>\t\t<\/div>\n\t\t\t\t<\/div>\n\t\t\t\t\t\t<\/div>\n\t\t\t\t\t<\/div>\n\t\t<\/div>\n\t\t\t\t\t\t\t\t<\/div>\n\t\t\t\t\t<\/div>\n\t\t<\/section>\n\t\t\t\t<section class=\"elementor-section elementor-top-section elementor-element elementor-element-5fb5b37 elementor-section-boxed elementor-section-height-default elementor-section-height-default\" data-id=\"5fb5b37\" data-element_type=\"section\" data-settings=\"{&quot;background_background&quot;:&quot;classic&quot;}\">\n\t\t\t\t\t\t<div class=\"elementor-container elementor-column-gap-default\">\n\t\t\t\t\t\t\t<div class=\"elementor-row\">\n\t\t\t\t\t<div class=\"elementor-column elementor-col-50 elementor-top-column elementor-element elementor-element-03e341a\" data-id=\"03e341a\" data-element_type=\"column\">\n\t\t\t<div class=\"elementor-column-wrap elementor-element-populated\">\n\t\t\t\t\t\t\t<div class=\"elementor-widget-wrap\">\n\t\t\t\t\t\t<section class=\"elementor-section elementor-inner-section elementor-element elementor-element-fa274a2 elementor-section-boxed elementor-section-height-default elementor-section-height-default\" data-id=\"fa274a2\" data-element_type=\"section\">\n\t\t\t\t\t\t<div class=\"elementor-container elementor-column-gap-default\">\n\t\t\t\t\t\t\t<div class=\"elementor-row\">\n\t\t\t\t\t<div class=\"elementor-column elementor-col-50 elementor-inner-column elementor-element elementor-element-ac83da0\" data-id=\"ac83da0\" data-element_type=\"column\">\n\t\t\t<div class=\"elementor-column-wrap elementor-element-populated\">\n\t\t\t\t\t\t\t<div class=\"elementor-widget-wrap\">\n\t\t\t\t\t\t<div class=\"elementor-element elementor-element-c7456c6 elementor-view-default elementor-widget elementor-widget-icon\" data-id=\"c7456c6\" data-element_type=\"widget\" data-widget_type=\"icon.default\">\n\t\t\t\t<div class=\"elementor-widget-container\">\n\t\t\t\t\t<div class=\"elementor-icon-wrapper\">\n\t\t\t<div class=\"elementor-icon\">\n\t\t\t<i aria-hidden=\"true\" class=\"icon icon-chess-gambit-paper-sport-game-score\"><\/i>\t\t\t<\/div>\n\t\t<\/div>\n\t\t\t\t<\/div>\n\t\t\t\t<\/div>\n\t\t\t\t\t\t<\/div>\n\t\t\t\t\t<\/div>\n\t\t<\/div>\n\t\t\t\t<div class=\"elementor-column elementor-col-50 elementor-inner-column elementor-element elementor-element-46d75c3\" data-id=\"46d75c3\" data-element_type=\"column\">\n\t\t\t<div class=\"elementor-column-wrap elementor-element-populated\">\n\t\t\t\t\t\t\t<div class=\"elementor-widget-wrap\">\n\t\t\t\t\t\t<div class=\"elementor-element elementor-element-4c3c888 elementor-widget elementor-widget-heading\" data-id=\"4c3c888\" data-element_type=\"widget\" data-widget_type=\"heading.default\">\n\t\t\t\t<div class=\"elementor-widget-container\">\n\t\t\t<h2 class=\"elementor-heading-title elementor-size-default translation-block\">con\u021binut editorial <br>pentru re\u021belele sociale<\/h2>\t\t<\/div>\n\t\t\t\t<\/div>\n\t\t\t\t\t\t<\/div>\n\t\t\t\t\t<\/div>\n\t\t<\/div>\n\t\t\t\t\t\t\t\t<\/div>\n\t\t\t\t\t<\/div>\n\t\t<\/section>\n\t\t\t\t<div class=\"elementor-element elementor-element-f0dd876 elementor-widget elementor-widget-text-editor\" data-id=\"f0dd876\" data-element_type=\"widget\" data-widget_type=\"text-editor.default\">\n\t\t\t\t<div class=\"elementor-widget-container\">\n\t\t\t\t\t<div class=\"elementor-text-editor elementor-clearfix\"><p><span style=\"font-weight: 400;\">Con\u021binutul editorial pentru re\u021belele sociale se refer\u0103 la planificarea \u0219i crearea de post\u0103ri structurate \u0219i strategice pentru paginile de\u021binute de brand - ca un redactor care coordoneaz\u0103 o revist\u0103 digital\u0103, adaptat\u0103 audien\u021bei.<\/span><\/p><p><span style=\"font-weight: 400;\">La The Public Advisors, func\u021bion\u0103m ca o echipa editorial\u0103 dedicat\u0103 prezen\u021bei brandului t\u0103u pe platformele sociale. Ghida\u021bi de strategia general\u0103 de social media, dezvolt\u0103m piloni de comunicare \u0219i construim calendare de con\u021binut s\u0103pt\u0103m\u00e2nale sau lunare, care \u00eembin\u0103 mesaje despre produse, storytelling, educa\u021bie \u0219i engagement. Fie c\u0103 vrei s\u0103 externalizezi con\u021binutul pentru Instagram, s\u0103 implementezi o strategie editorial\u0103 pe LinkedIn sau s\u0103 men\u021bii pagina de Facebook activ\u0103 cu post\u0103ri profesionale, ne asigur\u0103m c\u0103 fiecare pies\u0103 de con\u021binut este coerent\u0103, creativ\u0103 \u0219i relevant\u0103 - aliniat\u0103 la vocea brandului \u0219i la interesele audien\u021bei.<\/span><\/p><\/div>\n\t\t\t\t<\/div>\n\t\t\t\t<\/div>\n\t\t\t\t\t\t<\/div>\n\t\t\t\t\t<\/div>\n\t\t<\/div>\n\t\t\t\t<div class=\"elementor-column elementor-col-50 elementor-top-column elementor-element elementor-element-eaf1248\" data-id=\"eaf1248\" data-element_type=\"column\">\n\t\t\t<div class=\"elementor-column-wrap elementor-element-populated\">\n\t\t\t\t\t\t\t<div class=\"elementor-widget-wrap\">\n\t\t\t\t\t\t<section class=\"elementor-section elementor-inner-section elementor-element elementor-element-89958bf elementor-section-boxed elementor-section-height-default elementor-section-height-default\" data-id=\"89958bf\" data-element_type=\"section\">\n\t\t\t\t\t\t<div class=\"elementor-container elementor-column-gap-default\">\n\t\t\t\t\t\t\t<div class=\"elementor-row\">\n\t\t\t\t\t<div class=\"elementor-column elementor-col-50 elementor-inner-column elementor-element elementor-element-7e1e471\" data-id=\"7e1e471\" data-element_type=\"column\">\n\t\t\t<div class=\"elementor-column-wrap elementor-element-populated\">\n\t\t\t\t\t\t\t<div class=\"elementor-widget-wrap\">\n\t\t\t\t\t\t<div class=\"elementor-element elementor-element-b1e43e2 elementor-widget elementor-widget-heading\" data-id=\"b1e43e2\" data-element_type=\"widget\" data-widget_type=\"heading.default\">\n\t\t\t\t<div class=\"elementor-widget-container\">\n\t\t\t<h2 class=\"elementor-heading-title elementor-size-default\"><a href=\"https:\/\/www.publicadvisors.ro\/ro\/campaign-sif-moldova-devine-evergent-investments\/\">Proiect cheie<\/a><\/h2>\t\t<\/div>\n\t\t\t\t<\/div>\n\t\t\t\t\t\t<\/div>\n\t\t\t\t\t<\/div>\n\t\t<\/div>\n\t\t\t\t<div class=\"elementor-column elementor-col-50 elementor-inner-column elementor-element elementor-element-0bc49d5\" data-id=\"0bc49d5\" data-element_type=\"column\">\n\t\t\t<div class=\"elementor-column-wrap\">\n\t\t\t\t\t\t\t<div class=\"elementor-widget-wrap\">\n\t\t\t\t\t\t\t\t<\/div>\n\t\t\t\t\t<\/div>\n\t\t<\/div>\n\t\t\t\t\t\t\t\t<\/div>\n\t\t\t\t\t<\/div>\n\t\t<\/section>\n\t\t\t\t<div class=\"elementor-element elementor-element-3e769d2 elementor-widget elementor-widget-text-editor\" data-id=\"3e769d2\" data-element_type=\"widget\" data-widget_type=\"text-editor.default\">\n\t\t\t\t<div class=\"elementor-widget-container\">\n\t\t\t\t\t<div class=\"elementor-text-editor elementor-clearfix\"><ul><li><p><a href=\"https:\/\/www.publicadvisors.ro\/ro\/campaign-support-your-hero-indesit\/\">sus\u021bine-\u021bi eroul \u2013 Indesit<\/a><\/p><\/li><\/ul><\/div>\n\t\t\t\t<\/div>\n\t\t\t\t<\/div>\n\t\t\t\t<div class=\"elementor-element elementor-element-7f06dd6 elementor-invisible elementor-widget elementor-widget-divider\" data-id=\"7f06dd6\" data-element_type=\"widget\" data-settings=\"{&quot;_animation&quot;:&quot;none&quot;}\" data-widget_type=\"divider.default\">\n\t\t\t\t<div class=\"elementor-widget-container\">\n\t\t\t\t\t<div class=\"elementor-divider\">\n\t\t\t<span class=\"elementor-divider-separator\">\n\t\t\t\t\t\t<\/span>\n\t\t<\/div>\n\t\t\t\t<\/div>\n\t\t\t\t<\/div>\n\t\t\t\t<section class=\"elementor-section elementor-inner-section elementor-element elementor-element-7e21a84 elementor-section-boxed elementor-section-height-default elementor-section-height-default\" data-id=\"7e21a84\" data-element_type=\"section\">\n\t\t\t\t\t\t<div class=\"elementor-container elementor-column-gap-default\">\n\t\t\t\t\t\t\t<div class=\"elementor-row\">\n\t\t\t\t\t<div class=\"elementor-column elementor-col-50 elementor-inner-column elementor-element elementor-element-50283e5\" data-id=\"50283e5\" data-element_type=\"column\">\n\t\t\t<div class=\"elementor-column-wrap elementor-element-populated\">\n\t\t\t\t\t\t\t<div class=\"elementor-widget-wrap\">\n\t\t\t\t\t\t<div class=\"elementor-element elementor-element-7deecb7 elementor-widget elementor-widget-heading\" data-id=\"7deecb7\" data-element_type=\"widget\" data-widget_type=\"heading.default\">\n\t\t\t\t<div class=\"elementor-widget-container\">\n\t\t\t<h2 class=\"elementor-heading-title elementor-size-default\">Proiecte<\/h2>\t\t<\/div>\n\t\t\t\t<\/div>\n\t\t\t\t\t\t<\/div>\n\t\t\t\t\t<\/div>\n\t\t<\/div>\n\t\t\t\t<div class=\"elementor-column elementor-col-50 elementor-inner-column elementor-element elementor-element-54424eb\" data-id=\"54424eb\" data-element_type=\"column\">\n\t\t\t<div class=\"elementor-column-wrap\">\n\t\t\t\t\t\t\t<div class=\"elementor-widget-wrap\">\n\t\t\t\t\t\t\t\t<\/div>\n\t\t\t\t\t<\/div>\n\t\t<\/div>\n\t\t\t\t\t\t\t\t<\/div>\n\t\t\t\t\t<\/div>\n\t\t<\/section>\n\t\t\t\t<section class=\"elementor-section elementor-inner-section elementor-element elementor-element-5463ef8 elementor-section-boxed elementor-section-height-default elementor-section-height-default\" data-id=\"5463ef8\" data-element_type=\"section\">\n\t\t\t\t\t\t<div class=\"elementor-container elementor-column-gap-default\">\n\t\t\t\t\t\t\t<div class=\"elementor-row\">\n\t\t\t\t\t<div class=\"elementor-column elementor-col-50 elementor-inner-column elementor-element elementor-element-556dc01\" data-id=\"556dc01\" data-element_type=\"column\">\n\t\t\t<div class=\"elementor-column-wrap elementor-element-populated\">\n\t\t\t\t\t\t\t<div class=\"elementor-widget-wrap\">\n\t\t\t\t\t\t<div class=\"elementor-element elementor-element-4caf289 elementor-widget elementor-widget-text-editor\" data-id=\"4caf289\" data-element_type=\"widget\" data-widget_type=\"text-editor.default\">\n\t\t\t\t<div class=\"elementor-widget-container\">\n\t\t\t\t\t<div class=\"elementor-text-editor elementor-clearfix\"><ul><li><a href=\"https:\/\/www.publicadvisors.ro\/ro\/campaign-dont-turn-your-back-romanian-league-of-rheumatology\/\">nu-\u021bi \u00eentoarce spatele \u2013 liga rom\u00e2n\u0103 de reumatologie<\/a><\/li><li><a href=\"https:\/\/www.publicadvisors.ro\/ro\/campaign-support-your-hero-indesit\/\">sus\u021bine-\u021bi eroul \u2013 Indesit<\/a><\/li><li><a href=\"https:\/\/www.publicadvisors.ro\/ro\/campaign-invest-with-brio-brio-ro\/\">investe\u0219te cu brio \u2013 <\/a><a href=\"http:\/\/brio.ro\" target=\"_blank\" rel=\"noopener\">brio.ro<\/a><\/li><\/ul><\/div>\n\t\t\t\t<\/div>\n\t\t\t\t<\/div>\n\t\t\t\t\t\t<\/div>\n\t\t\t\t\t<\/div>\n\t\t<\/div>\n\t\t\t\t<div class=\"elementor-column elementor-col-50 elementor-inner-column elementor-element elementor-element-53d1581\" data-id=\"53d1581\" data-element_type=\"column\">\n\t\t\t<div class=\"elementor-column-wrap elementor-element-populated\">\n\t\t\t\t\t\t\t<div class=\"elementor-widget-wrap\">\n\t\t\t\t\t\t<div class=\"elementor-element elementor-element-e884216 elementor-widget elementor-widget-text-editor\" data-id=\"e884216\" data-element_type=\"widget\" data-widget_type=\"text-editor.default\">\n\t\t\t\t<div class=\"elementor-widget-container\">\n\t\t\t\t\t<div class=\"elementor-text-editor elementor-clearfix\"><ul><li><a href=\"https:\/\/www.publicadvisors.ro\/ro\/campaign-how-tool-is-that-bosch-power-tools\/\">how tool is that? \u2013 bosch power tools<\/a><\/li><li><a href=\"https:\/\/www.publicadvisors.ro\/ro\/campaign-shaorma-in-dex-class\/\">#shaorma in dex \u2013 class<\/a><\/li><li><a href=\"https:\/\/www.publicadvisors.ro\/ro\/campaign-the-army-of-toys\/\">armata juc\u0103riilor<\/a><\/li><\/ul><\/div>\n\t\t\t\t<\/div>\n\t\t\t\t<\/div>\n\t\t\t\t\t\t<\/div>\n\t\t\t\t\t<\/div>\n\t\t<\/div>\n\t\t\t\t\t\t\t\t<\/div>\n\t\t\t\t\t<\/div>\n\t\t<\/section>\n\t\t\t\t\t\t<\/div>\n\t\t\t\t\t<\/div>\n\t\t<\/div>\n\t\t\t\t\t\t\t\t<\/div>\n\t\t\t\t\t<\/div>\n\t\t<\/section>\n\t\t\t\t<section class=\"elementor-section elementor-top-section elementor-element elementor-element-2171888a elementor-section-boxed elementor-section-height-default elementor-section-height-default\" data-id=\"2171888a\" data-element_type=\"section\" data-settings=\"{&quot;background_background&quot;:&quot;classic&quot;}\">\n\t\t\t\t\t\t<div class=\"elementor-container elementor-column-gap-default\">\n\t\t\t\t\t\t\t<div class=\"elementor-row\">\n\t\t\t\t\t<div class=\"elementor-column elementor-col-100 elementor-top-column elementor-element elementor-element-a34b06\" data-id=\"a34b06\" data-element_type=\"column\">\n\t\t\t<div class=\"elementor-column-wrap elementor-element-populated\">\n\t\t\t\t\t\t\t<div class=\"elementor-widget-wrap\">\n\t\t\t\t\t\t<div class=\"elementor-element elementor-element-75855cee elementor-widget elementor-widget-divider\" data-id=\"75855cee\" data-element_type=\"widget\" data-widget_type=\"divider.default\">\n\t\t\t\t<div class=\"elementor-widget-container\">\n\t\t\t\t\t<div class=\"elementor-divider\">\n\t\t\t<span class=\"elementor-divider-separator\">\n\t\t\t\t\t\t<\/span>\n\t\t<\/div>\n\t\t\t\t<\/div>\n\t\t\t\t<\/div>\n\t\t\t\t<div class=\"elementor-element elementor-element-270778b0 elementor-widget elementor-widget-heading\" data-id=\"270778b0\" data-element_type=\"widget\" data-widget_type=\"heading.default\">\n\t\t\t\t<div class=\"elementor-widget-container\">\n\t\t\t<h2 class=\"elementor-heading-title elementor-size-default\">nu fi timid, spune bun\u0103.<\/h2>\t\t<\/div>\n\t\t\t\t<\/div>\n\t\t\t\t<div class=\"elementor-element elementor-element-3f0d65cb elementor-align-center elementor-widget elementor-widget-button\" data-id=\"3f0d65cb\" data-element_type=\"widget\" data-widget_type=\"button.default\">\n\t\t\t\t<div class=\"elementor-widget-container\">\n\t\t\t\t\t<div class=\"elementor-button-wrapper\">\n\t\t\t<a href=\"\/ro\/contact\/\" class=\"elementor-button-link elementor-button elementor-size-sm elementor-animation-float\" role=\"button\">\n\t\t\t\t\t\t<span class=\"elementor-button-content-wrapper\">\n\t\t\t\t\t\t<span class=\"elementor-button-text\">contacteaz\u0103-ne.<\/span>\n\t\t<\/span>\n\t\t\t\t\t<\/a>\n\t\t<\/div>\n\t\t\t\t<\/div>\n\t\t\t\t<\/div>\n\t\t\t\t\t\t<\/div>\n\t\t\t\t\t<\/div>\n\t\t<\/div>\n\t\t\t\t\t\t\t\t<\/div>\n\t\t\t\t\t<\/div>\n\t\t<\/section>\n\t\t\t\t\t\t<\/div>\n\t\t\t\t\t\t<\/div>\n\t\t\t\t\t<\/div>","protected":false},"excerpt":{"rendered":"<p>Social networks editorial content Social networks editorial content Social networks editorial content refers to the planning and creation of structured, strategic posts for brand-owned social media pages \u2014 like running a digital magazine tailored to your audience. At The Public Advisors, we act as the editorial team for your brand\u2019s presence on social platforms. Guided &hellip;<\/p>\n<p class=\"read-more\"> <a class=\"ast-button\" href=\"https:\/\/www.publicadvisors.ro\/ro\/services-old\/social-networks-editorial-content\/\"> <span class=\"screen-reader-text\">Social Networks Editorial Content<\/span> Cite\u0219te mai mult \u00bb<\/a><\/p>","protected":false},"author":2,"featured_media":0,"parent":26,"menu_order":0,"comment_status":"closed","ping_status":"closed","template":"","meta":[],"_links":{"self":[{"href":"https:\/\/www.publicadvisors.ro\/ro\/wp-json\/wp\/v2\/pages\/3780"}],"collection":[{"href":"https:\/\/www.publicadvisors.ro\/ro\/wp-json\/wp\/v2\/pages"}],"about":[{"href":"https:\/\/www.publicadvisors.ro\/ro\/wp-json\/wp\/v2\/types\/page"}],"author":[{"embeddable":true,"href":"https:\/\/www.publicadvisors.ro\/ro\/wp-json\/wp\/v2\/users\/2"}],"replies":[{"embeddable":true,"href":"https:\/\/www.publicadvisors.ro\/ro\/wp-json\/wp\/v2\/comments?post=3780"}],"version-history":[{"count":8,"href":"https:\/\/www.publicadvisors.ro\/ro\/wp-json\/wp\/v2\/pages\/3780\/revisions"}],"predecessor-version":[{"id":3788,"href":"https:\/\/www.publicadvisors.ro\/ro\/wp-json\/wp\/v2\/pages\/3780\/revisions\/3788"}],"up":[{"embeddable":true,"href":"https:\/\/www.publicadvisors.ro\/ro\/wp-json\/wp\/v2\/pages\/26"}],"wp:attachment":[{"href":"https:\/\/www.publicadvisors.ro\/ro\/wp-json\/wp\/v2\/media?parent=3780"}],"curies":[{"name":"wp","href":"https:\/\/api.w.org\/{rel}","templated":true}]}}