{"id":3737,"date":"2025-11-19T13:01:37","date_gmt":"2025-11-19T11:01:37","guid":{"rendered":"https:\/\/www.publicadvisors.ro\/?page_id=3737"},"modified":"2025-11-20T08:48:20","modified_gmt":"2025-11-20T06:48:20","slug":"influencers-campaign","status":"publish","type":"page","link":"https:\/\/www.publicadvisors.ro\/ro\/services-old\/influencers-campaign\/","title":{"rendered":"Influencers Campaign"},"content":{"rendered":"<div data-elementor-type=\"wp-page\" data-elementor-id=\"3737\" class=\"elementor elementor-3737\" data-elementor-settings=\"[]\">\n\t\t\t\t\t\t<div class=\"elementor-inner\">\n\t\t\t\t\t\t\t<div class=\"elementor-section-wrap\">\n\t\t\t\t\t\t\t<section class=\"elementor-section elementor-top-section elementor-element elementor-element-crrdtxe elementor-section-boxed elementor-section-height-default elementor-section-height-default\" data-id=\"crrdtxe\" data-element_type=\"section\" data-settings=\"{&quot;background_background&quot;:&quot;classic&quot;}\">\n\t\t\t\t\t\t\t<div class=\"elementor-background-overlay\"><\/div>\n\t\t\t\t\t\t\t<div class=\"elementor-container elementor-column-gap-wider\">\n\t\t\t\t\t\t\t<div class=\"elementor-row\">\n\t\t\t\t\t<div class=\"elementor-column elementor-col-100 elementor-top-column elementor-element elementor-element-vpnscgk\" data-id=\"vpnscgk\" data-element_type=\"column\">\n\t\t\t<div class=\"elementor-column-wrap elementor-element-populated\">\n\t\t\t\t\t\t\t<div class=\"elementor-widget-wrap\">\n\t\t\t\t\t\t<div class=\"elementor-element elementor-element-qwxlibr elementor-widget elementor-widget-divider\" data-id=\"qwxlibr\" data-element_type=\"widget\" data-widget_type=\"divider.default\">\n\t\t\t\t<div class=\"elementor-widget-container\">\n\t\t\t\t\t<div class=\"elementor-divider\">\n\t\t\t<span class=\"elementor-divider-separator\">\n\t\t\t\t\t\t<\/span>\n\t\t<\/div>\n\t\t\t\t<\/div>\n\t\t\t\t<\/div>\n\t\t\t\t<div class=\"elementor-element elementor-element-txcbxjm elementor-widget elementor-widget-heading\" data-id=\"txcbxjm\" data-element_type=\"widget\" data-widget_type=\"heading.default\">\n\t\t\t\t<div class=\"elementor-widget-container\">\n\t\t\t<h1 class=\"elementor-heading-title elementor-size-default\">campanii cu influenceri<\/h1>\t\t<\/div>\n\t\t\t\t<\/div>\n\t\t\t\t\t\t<\/div>\n\t\t\t\t\t<\/div>\n\t\t<\/div>\n\t\t\t\t\t\t\t\t<\/div>\n\t\t\t\t\t<\/div>\n\t\t<\/section>\n\t\t\t\t<section class=\"elementor-section elementor-top-section elementor-element elementor-element-5fb5b37 elementor-section-boxed elementor-section-height-default elementor-section-height-default\" data-id=\"5fb5b37\" data-element_type=\"section\" data-settings=\"{&quot;background_background&quot;:&quot;classic&quot;}\">\n\t\t\t\t\t\t<div class=\"elementor-container elementor-column-gap-default\">\n\t\t\t\t\t\t\t<div class=\"elementor-row\">\n\t\t\t\t\t<div class=\"elementor-column elementor-col-50 elementor-top-column elementor-element elementor-element-03e341a\" data-id=\"03e341a\" data-element_type=\"column\">\n\t\t\t<div class=\"elementor-column-wrap elementor-element-populated\">\n\t\t\t\t\t\t\t<div class=\"elementor-widget-wrap\">\n\t\t\t\t\t\t<section class=\"elementor-section elementor-inner-section elementor-element elementor-element-fa274a2 elementor-section-boxed elementor-section-height-default elementor-section-height-default\" data-id=\"fa274a2\" data-element_type=\"section\">\n\t\t\t\t\t\t<div class=\"elementor-container elementor-column-gap-default\">\n\t\t\t\t\t\t\t<div class=\"elementor-row\">\n\t\t\t\t\t<div class=\"elementor-column elementor-col-50 elementor-inner-column elementor-element elementor-element-ac83da0\" data-id=\"ac83da0\" data-element_type=\"column\">\n\t\t\t<div class=\"elementor-column-wrap elementor-element-populated\">\n\t\t\t\t\t\t\t<div class=\"elementor-widget-wrap\">\n\t\t\t\t\t\t<div class=\"elementor-element elementor-element-3dda3ff elementor-view-default elementor-widget elementor-widget-icon\" data-id=\"3dda3ff\" data-element_type=\"widget\" data-widget_type=\"icon.default\">\n\t\t\t\t<div class=\"elementor-widget-container\">\n\t\t\t\t\t<div class=\"elementor-icon-wrapper\">\n\t\t\t<div class=\"elementor-icon\">\n\t\t\t<i aria-hidden=\"true\" class=\"icon icon-chess-gambit-rook-sport-game-knight\"><\/i>\t\t\t<\/div>\n\t\t<\/div>\n\t\t\t\t<\/div>\n\t\t\t\t<\/div>\n\t\t\t\t\t\t<\/div>\n\t\t\t\t\t<\/div>\n\t\t<\/div>\n\t\t\t\t<div class=\"elementor-column elementor-col-50 elementor-inner-column elementor-element elementor-element-46d75c3\" data-id=\"46d75c3\" data-element_type=\"column\">\n\t\t\t<div class=\"elementor-column-wrap elementor-element-populated\">\n\t\t\t\t\t\t\t<div class=\"elementor-widget-wrap\">\n\t\t\t\t\t\t<div class=\"elementor-element elementor-element-4c3c888 elementor-widget elementor-widget-heading\" data-id=\"4c3c888\" data-element_type=\"widget\" data-widget_type=\"heading.default\">\n\t\t\t\t<div class=\"elementor-widget-container\">\n\t\t\t<h2 class=\"elementor-heading-title elementor-size-default\">campanii cu influenceri<\/h2>\t\t<\/div>\n\t\t\t\t<\/div>\n\t\t\t\t\t\t<\/div>\n\t\t\t\t\t<\/div>\n\t\t<\/div>\n\t\t\t\t\t\t\t\t<\/div>\n\t\t\t\t\t<\/div>\n\t\t<\/section>\n\t\t\t\t<div class=\"elementor-element elementor-element-f0dd876 elementor-widget elementor-widget-text-editor\" data-id=\"f0dd876\" data-element_type=\"widget\" data-widget_type=\"text-editor.default\">\n\t\t\t\t<div class=\"elementor-widget-container\">\n\t\t\t\t\t<div class=\"elementor-text-editor elementor-clearfix\"><p><span style=\"font-weight: 400;\">O campanie cu influenceri este un demers strategic de comunicare care valorific\u0103 \u00eencrederea creatorilor de con\u021binut pentru a promova mesajul, produsul sau cauza unui brand c\u0103tre un public \u021bintit.<\/span><\/p><p><span style=\"font-weight: 400;\">La The Public Advisors, construim campanii de impact al\u0103turi de creatori de con\u021binut care merg dincolo de simpla plasare de produs. De la micro-influenceri p\u00e2n\u0103 la vedete, alegem vocile care se aliniaz\u0103 valorilor brandului t\u0103u, le integr\u0103m \u00eentr-o strategie de comunicare ampl\u0103 \u0219i ne asigur\u0103m c\u0103 mesajul lor rezoneaz\u0103 autentic cu audien\u021bele lor. Fie c\u0103 obiectivul este cre\u0219terea awareness-ului, schimbarea percep\u021biilor sau stimularea ac\u021biunii, abordarea noastr\u0103 \u00een influencer marketing este bazat\u0103 pe date, sus\u021binut\u0103 de storytelling \u0219i adaptat\u0103 cultural. \u00cembin\u0103m con\u021binutul creativ cu rezultate m\u0103surabile, construind conexiune emo\u021bional\u0103 \u0219i vizibilitate pe toate platformele.<\/span><\/p><p><br style=\"font-weight: 400;\" \/><br style=\"font-weight: 400;\" \/><br \/><\/p><\/div>\n\t\t\t\t<\/div>\n\t\t\t\t<\/div>\n\t\t\t\t\t\t<\/div>\n\t\t\t\t\t<\/div>\n\t\t<\/div>\n\t\t\t\t<div class=\"elementor-column elementor-col-50 elementor-top-column elementor-element elementor-element-eaf1248\" data-id=\"eaf1248\" data-element_type=\"column\">\n\t\t\t<div class=\"elementor-column-wrap elementor-element-populated\">\n\t\t\t\t\t\t\t<div class=\"elementor-widget-wrap\">\n\t\t\t\t\t\t<section class=\"elementor-section elementor-inner-section elementor-element elementor-element-89958bf elementor-section-boxed elementor-section-height-default elementor-section-height-default\" data-id=\"89958bf\" data-element_type=\"section\">\n\t\t\t\t\t\t<div class=\"elementor-container elementor-column-gap-default\">\n\t\t\t\t\t\t\t<div class=\"elementor-row\">\n\t\t\t\t\t<div class=\"elementor-column elementor-col-50 elementor-inner-column elementor-element elementor-element-7e1e471\" data-id=\"7e1e471\" data-element_type=\"column\">\n\t\t\t<div class=\"elementor-column-wrap elementor-element-populated\">\n\t\t\t\t\t\t\t<div class=\"elementor-widget-wrap\">\n\t\t\t\t\t\t<div class=\"elementor-element elementor-element-b1e43e2 elementor-widget elementor-widget-heading\" data-id=\"b1e43e2\" data-element_type=\"widget\" data-widget_type=\"heading.default\">\n\t\t\t\t<div class=\"elementor-widget-container\">\n\t\t\t<h2 class=\"elementor-heading-title elementor-size-default\"><a href=\"https:\/\/www.publicadvisors.ro\/ro\/campaign-sif-moldova-devine-evergent-investments\/\">Proiect cheie<\/a><\/h2>\t\t<\/div>\n\t\t\t\t<\/div>\n\t\t\t\t\t\t<\/div>\n\t\t\t\t\t<\/div>\n\t\t<\/div>\n\t\t\t\t<div class=\"elementor-column elementor-col-50 elementor-inner-column elementor-element elementor-element-0bc49d5\" data-id=\"0bc49d5\" data-element_type=\"column\">\n\t\t\t<div class=\"elementor-column-wrap\">\n\t\t\t\t\t\t\t<div class=\"elementor-widget-wrap\">\n\t\t\t\t\t\t\t\t<\/div>\n\t\t\t\t\t<\/div>\n\t\t<\/div>\n\t\t\t\t\t\t\t\t<\/div>\n\t\t\t\t\t<\/div>\n\t\t<\/section>\n\t\t\t\t<div class=\"elementor-element elementor-element-3e769d2 elementor-widget elementor-widget-text-editor\" data-id=\"3e769d2\" data-element_type=\"widget\" data-widget_type=\"text-editor.default\">\n\t\t\t\t<div class=\"elementor-widget-container\">\n\t\t\t\t\t<div class=\"elementor-text-editor elementor-clearfix\"><ul><li><a href=\"https:\/\/www.publicadvisors.ro\/ro\/campaign-how-tool-is-that-bosch-power-tools\/\"><span style=\"font-weight: 400;\">how tool is that? \u2013 bosch power tools<\/span><\/a><\/li><\/ul><\/div>\n\t\t\t\t<\/div>\n\t\t\t\t<\/div>\n\t\t\t\t<div class=\"elementor-element elementor-element-7f06dd6 elementor-invisible elementor-widget elementor-widget-divider\" data-id=\"7f06dd6\" data-element_type=\"widget\" data-settings=\"{&quot;_animation&quot;:&quot;none&quot;}\" data-widget_type=\"divider.default\">\n\t\t\t\t<div class=\"elementor-widget-container\">\n\t\t\t\t\t<div class=\"elementor-divider\">\n\t\t\t<span class=\"elementor-divider-separator\">\n\t\t\t\t\t\t<\/span>\n\t\t<\/div>\n\t\t\t\t<\/div>\n\t\t\t\t<\/div>\n\t\t\t\t<section class=\"elementor-section elementor-inner-section elementor-element elementor-element-7e21a84 elementor-section-boxed elementor-section-height-default elementor-section-height-default\" data-id=\"7e21a84\" data-element_type=\"section\">\n\t\t\t\t\t\t<div class=\"elementor-container elementor-column-gap-default\">\n\t\t\t\t\t\t\t<div class=\"elementor-row\">\n\t\t\t\t\t<div class=\"elementor-column elementor-col-50 elementor-inner-column elementor-element elementor-element-50283e5\" data-id=\"50283e5\" data-element_type=\"column\">\n\t\t\t<div class=\"elementor-column-wrap elementor-element-populated\">\n\t\t\t\t\t\t\t<div class=\"elementor-widget-wrap\">\n\t\t\t\t\t\t<div class=\"elementor-element elementor-element-7deecb7 elementor-widget elementor-widget-heading\" data-id=\"7deecb7\" data-element_type=\"widget\" data-widget_type=\"heading.default\">\n\t\t\t\t<div class=\"elementor-widget-container\">\n\t\t\t<h2 class=\"elementor-heading-title elementor-size-default\">Proiecte<\/h2>\t\t<\/div>\n\t\t\t\t<\/div>\n\t\t\t\t\t\t<\/div>\n\t\t\t\t\t<\/div>\n\t\t<\/div>\n\t\t\t\t<div class=\"elementor-column elementor-col-50 elementor-inner-column elementor-element elementor-element-54424eb\" data-id=\"54424eb\" data-element_type=\"column\">\n\t\t\t<div class=\"elementor-column-wrap\">\n\t\t\t\t\t\t\t<div class=\"elementor-widget-wrap\">\n\t\t\t\t\t\t\t\t<\/div>\n\t\t\t\t\t<\/div>\n\t\t<\/div>\n\t\t\t\t\t\t\t\t<\/div>\n\t\t\t\t\t<\/div>\n\t\t<\/section>\n\t\t\t\t<section class=\"elementor-section elementor-inner-section elementor-element elementor-element-5463ef8 elementor-section-boxed elementor-section-height-default elementor-section-height-default\" data-id=\"5463ef8\" data-element_type=\"section\">\n\t\t\t\t\t\t<div class=\"elementor-container elementor-column-gap-default\">\n\t\t\t\t\t\t\t<div class=\"elementor-row\">\n\t\t\t\t\t<div class=\"elementor-column elementor-col-50 elementor-inner-column elementor-element elementor-element-556dc01\" data-id=\"556dc01\" data-element_type=\"column\">\n\t\t\t<div class=\"elementor-column-wrap elementor-element-populated\">\n\t\t\t\t\t\t\t<div class=\"elementor-widget-wrap\">\n\t\t\t\t\t\t<div class=\"elementor-element elementor-element-4caf289 elementor-widget elementor-widget-text-editor\" data-id=\"4caf289\" data-element_type=\"widget\" data-widget_type=\"text-editor.default\">\n\t\t\t\t<div class=\"elementor-widget-container\">\n\t\t\t\t\t<div class=\"elementor-text-editor elementor-clearfix\"><ul><li><a href=\"https:\/\/www.publicadvisors.ro\/ro\/campaign-the-army-of-toys\/\">armata juc\u0103riilor<\/a><\/li><li><a href=\"https:\/\/www.publicadvisors.ro\/ro\/campaign-nu-da-doar-cu-seen\/\">nu da doar cu seen<\/a><\/li><li><a href=\"https:\/\/www.publicadvisors.ro\/ro\/campaign-sif-moldova-devine-evergent-investments\/\">sif moldova becomes evergent investments<\/a><\/li><li><a href=\"https:\/\/www.publicadvisors.ro\/ro\/campaign-loc-de-bine\/\">loc de bine \u2013 zi de bine association<\/a><\/li><li><a href=\"https:\/\/www.publicadvisors.ro\/ro\/campaign-how-tool-is-that-bosch-power-tools\/\">how tool is that? bosh power tools<\/a><\/li><li><a href=\"https:\/\/www.publicadvisors.ro\/ro\/shield-for-hospitals-zi-de-bine-association\/\">scut pentru spitale \u2013 asocia\u021bia zi de bine<\/a><\/li><li><a href=\"https:\/\/www.publicadvisors.ro\/ro\/campaign-invest-with-brio-brio-ro\/\">Investeste cu brio - brio.ro<\/a><\/li><li><a href=\"https:\/\/www.publicadvisors.ro\/ro\/campaign-dont-turn-your-back-romanian-league-of-rheumatology\/\">nu-\u021bi \u00eentoarce spatele \u2013 liga rom\u00e2n\u0103 de reumatologie<\/a><\/li><\/ul><\/div>\n\t\t\t\t<\/div>\n\t\t\t\t<\/div>\n\t\t\t\t\t\t<\/div>\n\t\t\t\t\t<\/div>\n\t\t<\/div>\n\t\t\t\t<div class=\"elementor-column elementor-col-50 elementor-inner-column elementor-element elementor-element-53d1581\" data-id=\"53d1581\" data-element_type=\"column\">\n\t\t\t<div class=\"elementor-column-wrap elementor-element-populated\">\n\t\t\t\t\t\t\t<div class=\"elementor-widget-wrap\">\n\t\t\t\t\t\t<div class=\"elementor-element elementor-element-e884216 elementor-widget elementor-widget-text-editor\" data-id=\"e884216\" data-element_type=\"widget\" data-widget_type=\"text-editor.default\">\n\t\t\t\t<div class=\"elementor-widget-container\">\n\t\t\t\t\t<div class=\"elementor-text-editor elementor-clearfix\"><ul><li><a href=\"https:\/\/www.publicadvisors.ro\/ro\/campaign-support-your-hero-indesit\/\"><span style=\"font-weight: 400;\">sus\u021bine-\u021bi eroul \u2013 Indesit<\/span><\/a><\/li><li><a href=\"https:\/\/www.publicadvisors.ro\/ro\/campaign-a-fi-vecin-bun-afi-europe\/\">afi vecin bun \u2013 afi europe<\/a><\/li><li><a href=\"https:\/\/www.publicadvisors.ro\/ro\/campaign-ager-press-actualizeaza-lumea-agentia-natioala-de-presa-a-romaniei\/\">agerpres actualizeaza lumea<\/a><\/li><li><a href=\"https:\/\/www.publicadvisors.ro\/ro\/campaign-psoriasis-beyond-the-skin-societatea-romana-de-dermatologie\/\">psoriazis dincolo de piele \u2013 societatea rom\u00e2n\u0103 de dermatologie<\/a><\/li><li><a href=\"https:\/\/www.publicadvisors.ro\/ro\/project-afi-tech-park-wood-monopoly-afi-europe\/\"><span style=\"font-weight: 400;\">afi tech park wood monopoly \u2013 afi europe<\/span><\/a><\/li><li><a href=\"https:\/\/www.publicadvisors.ro\/ro\/campaign-horror-vacui-fear-of-emptiness\/\">horror vacui (frica de gol) \u2013 asocia\u021bia a.r.t. fusion<\/a><\/li><\/ul><\/div>\n\t\t\t\t<\/div>\n\t\t\t\t<\/div>\n\t\t\t\t\t\t<\/div>\n\t\t\t\t\t<\/div>\n\t\t<\/div>\n\t\t\t\t\t\t\t\t<\/div>\n\t\t\t\t\t<\/div>\n\t\t<\/section>\n\t\t\t\t\t\t<\/div>\n\t\t\t\t\t<\/div>\n\t\t<\/div>\n\t\t\t\t\t\t\t\t<\/div>\n\t\t\t\t\t<\/div>\n\t\t<\/section>\n\t\t\t\t<section class=\"elementor-section elementor-top-section elementor-element elementor-element-2171888a elementor-section-boxed elementor-section-height-default elementor-section-height-default\" data-id=\"2171888a\" data-element_type=\"section\" data-settings=\"{&quot;background_background&quot;:&quot;classic&quot;}\">\n\t\t\t\t\t\t<div class=\"elementor-container elementor-column-gap-default\">\n\t\t\t\t\t\t\t<div class=\"elementor-row\">\n\t\t\t\t\t<div class=\"elementor-column elementor-col-100 elementor-top-column elementor-element elementor-element-a34b06\" data-id=\"a34b06\" data-element_type=\"column\">\n\t\t\t<div class=\"elementor-column-wrap elementor-element-populated\">\n\t\t\t\t\t\t\t<div class=\"elementor-widget-wrap\">\n\t\t\t\t\t\t<div class=\"elementor-element elementor-element-75855cee elementor-widget elementor-widget-divider\" data-id=\"75855cee\" data-element_type=\"widget\" data-widget_type=\"divider.default\">\n\t\t\t\t<div class=\"elementor-widget-container\">\n\t\t\t\t\t<div class=\"elementor-divider\">\n\t\t\t<span class=\"elementor-divider-separator\">\n\t\t\t\t\t\t<\/span>\n\t\t<\/div>\n\t\t\t\t<\/div>\n\t\t\t\t<\/div>\n\t\t\t\t<div class=\"elementor-element elementor-element-270778b0 elementor-widget elementor-widget-heading\" data-id=\"270778b0\" data-element_type=\"widget\" data-widget_type=\"heading.default\">\n\t\t\t\t<div class=\"elementor-widget-container\">\n\t\t\t<h2 class=\"elementor-heading-title elementor-size-default\">nu fi timid, spune bun\u0103.<\/h2>\t\t<\/div>\n\t\t\t\t<\/div>\n\t\t\t\t<div class=\"elementor-element elementor-element-3f0d65cb elementor-align-center elementor-widget elementor-widget-button\" data-id=\"3f0d65cb\" data-element_type=\"widget\" data-widget_type=\"button.default\">\n\t\t\t\t<div class=\"elementor-widget-container\">\n\t\t\t\t\t<div class=\"elementor-button-wrapper\">\n\t\t\t<a href=\"\/ro\/contact\/\" class=\"elementor-button-link elementor-button elementor-size-sm elementor-animation-float\" role=\"button\">\n\t\t\t\t\t\t<span class=\"elementor-button-content-wrapper\">\n\t\t\t\t\t\t<span class=\"elementor-button-text\">contacteaz\u0103-ne.<\/span>\n\t\t<\/span>\n\t\t\t\t\t<\/a>\n\t\t<\/div>\n\t\t\t\t<\/div>\n\t\t\t\t<\/div>\n\t\t\t\t\t\t<\/div>\n\t\t\t\t\t<\/div>\n\t\t<\/div>\n\t\t\t\t\t\t\t\t<\/div>\n\t\t\t\t\t<\/div>\n\t\t<\/section>\n\t\t\t\t\t\t<\/div>\n\t\t\t\t\t\t<\/div>\n\t\t\t\t\t<\/div>","protected":false},"excerpt":{"rendered":"<p>influencers campaign influencers campaign An influencers campaign is a strategic communication effort that leverages trusted content creators to promote a brand&#8217;s message, product, or cause to a targeted audience. At The Public Advisors, we craft impactful influencer campaigns that go beyond product placement. From nano to celebrity influencers, we select voices that align with your &hellip;<\/p>\n<p class=\"read-more\"> <a class=\"ast-button\" href=\"https:\/\/www.publicadvisors.ro\/ro\/services-old\/influencers-campaign\/\"> <span class=\"screen-reader-text\">Influencers Campaign<\/span> Cite\u0219te mai mult \u00bb<\/a><\/p>","protected":false},"author":2,"featured_media":0,"parent":26,"menu_order":0,"comment_status":"closed","ping_status":"closed","template":"","meta":[],"_links":{"self":[{"href":"https:\/\/www.publicadvisors.ro\/ro\/wp-json\/wp\/v2\/pages\/3737"}],"collection":[{"href":"https:\/\/www.publicadvisors.ro\/ro\/wp-json\/wp\/v2\/pages"}],"about":[{"href":"https:\/\/www.publicadvisors.ro\/ro\/wp-json\/wp\/v2\/types\/page"}],"author":[{"embeddable":true,"href":"https:\/\/www.publicadvisors.ro\/ro\/wp-json\/wp\/v2\/users\/2"}],"replies":[{"embeddable":true,"href":"https:\/\/www.publicadvisors.ro\/ro\/wp-json\/wp\/v2\/comments?post=3737"}],"version-history":[{"count":5,"href":"https:\/\/www.publicadvisors.ro\/ro\/wp-json\/wp\/v2\/pages\/3737\/revisions"}],"predecessor-version":[{"id":3754,"href":"https:\/\/www.publicadvisors.ro\/ro\/wp-json\/wp\/v2\/pages\/3737\/revisions\/3754"}],"up":[{"embeddable":true,"href":"https:\/\/www.publicadvisors.ro\/ro\/wp-json\/wp\/v2\/pages\/26"}],"wp:attachment":[{"href":"https:\/\/www.publicadvisors.ro\/ro\/wp-json\/wp\/v2\/media?parent=3737"}],"curies":[{"name":"wp","href":"https:\/\/api.w.org\/{rel}","templated":true}]}}