{"id":3597,"date":"2025-09-10T13:48:34","date_gmt":"2025-09-10T10:48:34","guid":{"rendered":"https:\/\/www.publicadvisors.ro\/?page_id=3597"},"modified":"2025-09-11T13:30:39","modified_gmt":"2025-09-11T10:30:39","slug":"strategy-v1","status":"publish","type":"page","link":"https:\/\/www.publicadvisors.ro\/ro\/services-old\/strategy-v1\/","title":{"rendered":"STRATEGY-V1"},"content":{"rendered":"<div data-elementor-type=\"wp-page\" data-elementor-id=\"3597\" class=\"elementor elementor-3597\" data-elementor-settings=\"[]\">\n\t\t\t\t\t\t<div class=\"elementor-inner\">\n\t\t\t\t\t\t\t<div class=\"elementor-section-wrap\">\n\t\t\t\t\t\t\t<section class=\"elementor-section elementor-top-section elementor-element elementor-element-crrdtxe elementor-section-boxed elementor-section-height-default elementor-section-height-default\" data-id=\"crrdtxe\" data-element_type=\"section\" data-settings=\"{&quot;background_background&quot;:&quot;classic&quot;}\">\n\t\t\t\t\t\t\t<div class=\"elementor-background-overlay\"><\/div>\n\t\t\t\t\t\t\t<div class=\"elementor-container elementor-column-gap-wider\">\n\t\t\t\t\t\t\t<div class=\"elementor-row\">\n\t\t\t\t\t<div class=\"elementor-column elementor-col-100 elementor-top-column elementor-element elementor-element-vpnscgk\" data-id=\"vpnscgk\" data-element_type=\"column\">\n\t\t\t<div class=\"elementor-column-wrap elementor-element-populated\">\n\t\t\t\t\t\t\t<div class=\"elementor-widget-wrap\">\n\t\t\t\t\t\t<div class=\"elementor-element elementor-element-qwxlibr elementor-widget elementor-widget-divider\" data-id=\"qwxlibr\" data-element_type=\"widget\" data-widget_type=\"divider.default\">\n\t\t\t\t<div class=\"elementor-widget-container\">\n\t\t\t\t\t<div class=\"elementor-divider\">\n\t\t\t<span class=\"elementor-divider-separator\">\n\t\t\t\t\t\t<\/span>\n\t\t<\/div>\n\t\t\t\t<\/div>\n\t\t\t\t<\/div>\n\t\t\t\t<div class=\"elementor-element elementor-element-txcbxjm elementor-widget elementor-widget-heading\" data-id=\"txcbxjm\" data-element_type=\"widget\" data-widget_type=\"heading.default\">\n\t\t\t\t<div class=\"elementor-widget-container\">\n\t\t\t<h1 class=\"elementor-heading-title elementor-size-default\">strategie<\/h1>\t\t<\/div>\n\t\t\t\t<\/div>\n\t\t\t\t\t\t<\/div>\n\t\t\t\t\t<\/div>\n\t\t<\/div>\n\t\t\t\t\t\t\t\t<\/div>\n\t\t\t\t\t<\/div>\n\t\t<\/section>\n\t\t\t\t<section class=\"elementor-section elementor-top-section elementor-element elementor-element-e447001 elementor-section-boxed elementor-section-height-default elementor-section-height-default\" data-id=\"e447001\" data-element_type=\"section\" data-settings=\"{&quot;background_background&quot;:&quot;classic&quot;}\">\n\t\t\t\t\t\t<div class=\"elementor-container elementor-column-gap-default\">\n\t\t\t\t\t\t\t<div class=\"elementor-row\">\n\t\t\t\t\t<div class=\"elementor-column elementor-col-100 elementor-top-column elementor-element elementor-element-4985ed1\" data-id=\"4985ed1\" data-element_type=\"column\">\n\t\t\t<div class=\"elementor-column-wrap elementor-element-populated\">\n\t\t\t\t\t\t\t<div class=\"elementor-widget-wrap\">\n\t\t\t\t\t\t<div class=\"elementor-element elementor-element-02872f0 elementor-view-default elementor-widget elementor-widget-icon\" data-id=\"02872f0\" data-element_type=\"widget\" data-widget_type=\"icon.default\">\n\t\t\t\t<div class=\"elementor-widget-container\">\n\t\t\t\t\t<div class=\"elementor-icon-wrapper\">\n\t\t\t<div class=\"elementor-icon\">\n\t\t\t<i aria-hidden=\"true\" class=\"icon icon-chess-gambit-board-sport-game-play\"><\/i>\t\t\t<\/div>\n\t\t<\/div>\n\t\t\t\t<\/div>\n\t\t\t\t<\/div>\n\t\t\t\t<div class=\"elementor-element elementor-element-f0dd876 elementor-widget elementor-widget-text-editor\" data-id=\"f0dd876\" data-element_type=\"widget\" data-widget_type=\"text-editor.default\">\n\t\t\t\t<div class=\"elementor-widget-container\">\n\t\t\t\t\t<div class=\"elementor-text-editor elementor-clearfix\"><p>O strategie de comunicare reprezint\u0103 fundamentul bine structurat care ajut\u0103 un brand s\u0103 \u00ee\u0219i ating\u0103 obiectivele prin mesaje clare, relevante \u0219i bine direc\u021bionate.\nLa The Public Advisors, cre\u0103m strategii personalizate adaptate nevoilor tale specifice - fie c\u0103 este vorba despre comunicare corporativ\u0103, strategie de brand, rela\u021bii publice, comunicare de produs, comunicare intern\u0103 sau extern\u0103, marketing, CSR sau employer branding.<\/p><p>Analiz\u0103m \u00een profunzime publicul \u021bint\u0103 pentru a \u00een\u021belege nevoile, motiva\u021biile \u0219i obiec\u021biile lor, astfel \u00eenc\u00e2t comunicarea s\u0103 fie conving\u0103toare, coerent\u0103 \u0219i aliniat\u0103 obiectivelor tale strategice. Prin mesaje relevante \u0219i livrate la momentul potrivit, ne asigur\u0103m c\u0103 vocea ta ajunge la oamenii potrivi\u021bi, \u00een formatul potrivit \u0219i prin canalele adecvate. \u00cen calitate de arhitec\u021bi ai comunic\u0103rii, \u00ee\u021bi sus\u021binem parcursul de la viziune la ac\u021biune, cu strategii care rezoneaz\u0103 \u0219i genereaz\u0103 impact real.<\/p><h2>Projects<\/h2><ul><li><a href=\"https:\/\/www.publicadvisors.ro\/ro\/campaign-the-army-of-toys\/\">armata juc\u0103riilor<\/a><\/li><li><a href=\"https:\/\/www.publicadvisors.ro\/ro\/campaign-brio-introduces-standardized-testing-in-romania\/\">brio introduce testarea standardizat\u0103 \u00een rom\u00e2nia<\/a><\/li><li><a href=\"https:\/\/www.publicadvisors.ro\/ro\/campaign-nu-da-doar-cu-seen\/\">nu da doar cu seen<\/a><\/li><li><a href=\"https:\/\/www.publicadvisors.ro\/ro\/campaign-sif-moldova-devine-evergent-investments\/\">sif moldova becomes evergent investments<\/a><\/li><li><a href=\"https:\/\/www.publicadvisors.ro\/ro\/campaign-loc-de-bine\/\">loc de bine \u2013 zi de bine association<\/a><\/li><li><a href=\"https:\/\/www.publicadvisors.ro\/ro\/campaign-how-tool-is-that-bosch-power-tools\/\">how tool is that? bosh power tools<\/a><\/li><li><a href=\"https:\/\/www.publicadvisors.ro\/ro\/campaign-shaorma-in-dex-class\/\">#shaorma in dex &#8211; class<\/a><\/li><li><a href=\"https:\/\/www.publicadvisors.ro\/ro\/shield-for-hospitals-zi-de-bine-association\/\">scut pentru spitale \u2013 asocia\u021bia zi de bine<\/a><\/li><li><a href=\"https:\/\/www.publicadvisors.ro\/ro\/campaign-invest-with-brio-brio-ro\/\">Investeste cu brio - brio.ro<\/a><\/li><li><a href=\"https:\/\/www.publicadvisors.ro\/ro\/campaign-national-day-of-fighting-against-ilicit-trade-activ-association\/\">ziua na\u021bional\u0103 a luptei \u00eempotriva traficului ilicit<\/a><\/li><li><a href=\"https:\/\/www.publicadvisors.ro\/ro\/campaign-dont-turn-your-back-romanian-league-of-rheumatology\/\">nu-\u021bi \u00eentoarce spatele \u2013 liga rom\u00e2n\u0103 de reumatologie<\/a><\/li><li><a href=\"https:\/\/www.publicadvisors.ro\/ro\/event-positiveimpact-bnp-paribas-pf\/\">#positiveimpact: shifting towards sustainability \u2013 bnp paribas pf<\/a><\/li><li><a href=\"https:\/\/www.publicadvisors.ro\/ro\/campaign-bringuscloser-apan-association\/\">#bringuscloser \u2013 asocia\u021bia a.p.a.n.<\/a><\/li><li><a href=\"https:\/\/www.publicadvisors.ro\/ro\/event-flight-of-steps-the-mark\/\">flight of steps \u2013 lansarea cl\u0103dirii de birouri the mark<\/a><\/li><li><a href=\"https:\/\/www.publicadvisors.ro\/ro\/campaign-slot-machines-how-its-made-romslot-association\/\">slot machines, how is made? &#8211; romslot association<\/a><\/li><li><a href=\"https:\/\/www.publicadvisors.ro\/ro\/campaign-who-is-wendy-teach-for-romania\/\">cine este wendy?<\/a><\/li><li><a href=\"https:\/\/www.publicadvisors.ro\/ro\/campaign-support-your-hero-indesit\/\">sus\u021bine-\u021bi eroul - Indesit<\/a><\/li><li><a href=\"https:\/\/www.publicadvisors.ro\/ro\/campaign-a-fi-vecin-bun-afi-europe\/\">afi vecin bun \u2013 afi europe<\/a><\/li><li><a href=\"https:\/\/www.publicadvisors.ro\/ro\/campaign-ager-press-actualizeaza-lumea-agentia-natioala-de-presa-a-romaniei\/\">agerpres actualizeaza lumea<\/a><\/li><li><a href=\"https:\/\/www.publicadvisors.ro\/ro\/campaign-psoriasis-beyond-the-skin-societatea-romana-de-dermatologie\/\">psoriazis dincolo de piele \u2013 societatea rom\u00e2n\u0103 de dermatologie<\/a><\/li><li><a href=\"https:\/\/www.publicadvisors.ro\/ro\/campaign-horror-vacui-fear-of-emptiness\/\">horror vacui (frica de gol) \u2013 asocia\u021bia a.r.t. fusion<\/a><\/li><\/ul><h2>Proiect cheie<\/h2><ul><li><a href=\"https:\/\/www.publicadvisors.ro\/ro\/campaign-sif-moldova-devine-evergent-investments\/\">sif moldova becomes evergent investments<\/a><\/li><\/ul><\/div>\n\t\t\t\t<\/div>\n\t\t\t\t<\/div>\n\t\t\t\t\t\t<\/div>\n\t\t\t\t\t<\/div>\n\t\t<\/div>\n\t\t\t\t\t\t\t\t<\/div>\n\t\t\t\t\t<\/div>\n\t\t<\/section>\n\t\t\t\t<section class=\"elementor-section elementor-top-section elementor-element elementor-element-2171888a elementor-section-boxed elementor-section-height-default elementor-section-height-default\" data-id=\"2171888a\" data-element_type=\"section\" data-settings=\"{&quot;background_background&quot;:&quot;classic&quot;}\">\n\t\t\t\t\t\t<div class=\"elementor-container elementor-column-gap-default\">\n\t\t\t\t\t\t\t<div class=\"elementor-row\">\n\t\t\t\t\t<div class=\"elementor-column elementor-col-100 elementor-top-column elementor-element elementor-element-a34b06\" data-id=\"a34b06\" data-element_type=\"column\">\n\t\t\t<div class=\"elementor-column-wrap elementor-element-populated\">\n\t\t\t\t\t\t\t<div class=\"elementor-widget-wrap\">\n\t\t\t\t\t\t<div class=\"elementor-element elementor-element-75855cee elementor-widget elementor-widget-divider\" data-id=\"75855cee\" data-element_type=\"widget\" data-widget_type=\"divider.default\">\n\t\t\t\t<div class=\"elementor-widget-container\">\n\t\t\t\t\t<div class=\"elementor-divider\">\n\t\t\t<span class=\"elementor-divider-separator\">\n\t\t\t\t\t\t<\/span>\n\t\t<\/div>\n\t\t\t\t<\/div>\n\t\t\t\t<\/div>\n\t\t\t\t<div class=\"elementor-element elementor-element-270778b0 elementor-widget elementor-widget-heading\" data-id=\"270778b0\" data-element_type=\"widget\" data-widget_type=\"heading.default\">\n\t\t\t\t<div class=\"elementor-widget-container\">\n\t\t\t<h2 class=\"elementor-heading-title elementor-size-default\">nu fi timid, spune bun\u0103.<\/h2>\t\t<\/div>\n\t\t\t\t<\/div>\n\t\t\t\t<div class=\"elementor-element elementor-element-3f0d65cb elementor-align-center elementor-widget elementor-widget-button\" data-id=\"3f0d65cb\" data-element_type=\"widget\" data-widget_type=\"button.default\">\n\t\t\t\t<div class=\"elementor-widget-container\">\n\t\t\t\t\t<div class=\"elementor-button-wrapper\">\n\t\t\t<a href=\"\/ro\/contact\/\" class=\"elementor-button-link elementor-button elementor-size-sm elementor-animation-float\" role=\"button\">\n\t\t\t\t\t\t<span class=\"elementor-button-content-wrapper\">\n\t\t\t\t\t\t<span class=\"elementor-button-text\">contacteaz\u0103-ne.<\/span>\n\t\t<\/span>\n\t\t\t\t\t<\/a>\n\t\t<\/div>\n\t\t\t\t<\/div>\n\t\t\t\t<\/div>\n\t\t\t\t\t\t<\/div>\n\t\t\t\t\t<\/div>\n\t\t<\/div>\n\t\t\t\t\t\t\t\t<\/div>\n\t\t\t\t\t<\/div>\n\t\t<\/section>\n\t\t\t\t\t\t<\/div>\n\t\t\t\t\t\t<\/div>\n\t\t\t\t\t<\/div>","protected":false},"excerpt":{"rendered":"<p>STRATEGY A communication strategy is the structured foundation that helps a brand reach its goals through clear, relevant, and well-targeted messaging.At The Public Advisors, we design custom strategies tailored to your specific needs \u2013 whether it\u2019s corporate communication, brand strategy, public relations, product communication, internal or external communication, marketing, CSR, or employer branding. We deeply &hellip;<\/p>\n<p class=\"read-more\"> <a class=\"ast-button\" href=\"https:\/\/www.publicadvisors.ro\/ro\/services-old\/strategy-v1\/\"> <span class=\"screen-reader-text\">STRATEGY-V1<\/span> Cite\u0219te mai mult \u00bb<\/a><\/p>","protected":false},"author":2,"featured_media":0,"parent":26,"menu_order":0,"comment_status":"closed","ping_status":"closed","template":"","meta":[],"_links":{"self":[{"href":"https:\/\/www.publicadvisors.ro\/ro\/wp-json\/wp\/v2\/pages\/3597"}],"collection":[{"href":"https:\/\/www.publicadvisors.ro\/ro\/wp-json\/wp\/v2\/pages"}],"about":[{"href":"https:\/\/www.publicadvisors.ro\/ro\/wp-json\/wp\/v2\/types\/page"}],"author":[{"embeddable":true,"href":"https:\/\/www.publicadvisors.ro\/ro\/wp-json\/wp\/v2\/users\/2"}],"replies":[{"embeddable":true,"href":"https:\/\/www.publicadvisors.ro\/ro\/wp-json\/wp\/v2\/comments?post=3597"}],"version-history":[{"count":8,"href":"https:\/\/www.publicadvisors.ro\/ro\/wp-json\/wp\/v2\/pages\/3597\/revisions"}],"predecessor-version":[{"id":3648,"href":"https:\/\/www.publicadvisors.ro\/ro\/wp-json\/wp\/v2\/pages\/3597\/revisions\/3648"}],"up":[{"embeddable":true,"href":"https:\/\/www.publicadvisors.ro\/ro\/wp-json\/wp\/v2\/pages\/26"}],"wp:attachment":[{"href":"https:\/\/www.publicadvisors.ro\/ro\/wp-json\/wp\/v2\/media?parent=3597"}],"curies":[{"name":"wp","href":"https:\/\/api.w.org\/{rel}","templated":true}]}}