{"id":3,"date":"2021-05-26T12:48:54","date_gmt":"2021-05-26T12:48:54","guid":{"rendered":"http:\/\/pragency.m6kvawd0ky-xlm41ro956dy.p.runcloud.link\/?page_id=3"},"modified":"2025-09-17T16:57:10","modified_gmt":"2025-09-17T13:57:10","slug":"privacy-policy","status":"publish","type":"page","link":"https:\/\/www.publicadvisors.ro\/ro\/contact\/privacy-policy\/","title":{"rendered":"politica de confiden\u021bialitate."},"content":{"rendered":"<div data-elementor-type=\"wp-page\" data-elementor-id=\"3\" class=\"elementor elementor-3\" data-elementor-settings=\"[]\">\n\t\t\t\t\t\t<div class=\"elementor-inner\">\n\t\t\t\t\t\t\t<div class=\"elementor-section-wrap\">\n\t\t\t\t\t\t\t<section class=\"elementor-section elementor-top-section elementor-element elementor-element-2cdd5f74 elementor-section-boxed elementor-section-height-default elementor-section-height-default\" data-id=\"2cdd5f74\" data-element_type=\"section\">\n\t\t\t\t\t\t<div class=\"elementor-container elementor-column-gap-default\">\n\t\t\t\t\t\t\t<div class=\"elementor-row\">\n\t\t\t\t\t<div class=\"elementor-column elementor-col-100 elementor-top-column elementor-element elementor-element-2f55bc19\" data-id=\"2f55bc19\" data-element_type=\"column\">\n\t\t\t<div class=\"elementor-column-wrap elementor-element-populated\">\n\t\t\t\t\t\t\t<div class=\"elementor-widget-wrap\">\n\t\t\t\t\t\t<div class=\"elementor-element elementor-element-6a856418 elementor-widget elementor-widget-text-editor\" data-id=\"6a856418\" data-element_type=\"widget\" data-widget_type=\"text-editor.default\">\n\t\t\t\t<div class=\"elementor-widget-container\">\n\t\t\t\t\t<div class=\"elementor-text-editor elementor-clearfix\"><p><!-- wp:heading --><\/p>\n<p>Public Advisors S.R.L. (denumit\u0103 \u00een continuare \u201ePublic Advisors\u201d sau \u201eOperatorul\u201d), ac\u021bion\u00e2nd \u00een calitate de operator de date, v\u0103 informeaz\u0103 prin prezenta cu privire la modul \u00een care datele dumneavoastr\u0103 cu caracter personal sunt prelucrate atunci c\u00e2nd utiliza\u021bi site-ul web <a href=\"https:\/\/www.publicadvisors.ro\/ro\/\">publicadvisors.ro<\/a> \u0219i formularul de contact disponibil pe acesta. Prelucrarea datelor cu caracter personal se efectueaz\u0103 \u00een conformitate cu <strong>Regulamentul (UE) 2016\/679 privind protec\u021bia datelor (GDPR)<\/strong> \u0219i <strong>Legea nr. 190\/2018<\/strong>.<\/p>\n<h2><strong>Operator de date \u0219i date de contact<\/strong><\/h2>\n<p><strong>Operator de date:<\/strong> Public Advisors S.R.L., societate cu r\u0103spundere limitat\u0103 \u00eenregistrat\u0103 \u00een Rom\u00e2nia.<br><strong>Date de contact:<\/strong> Pentru orice \u00eentreb\u0103ri legate de protec\u021bia datelor, ne pute\u021bi contacta la <em>office@publicadvisors.ro<\/em>.<\/p>\n<h2><strong>Date cu caracter personal<\/strong><\/h2>\n<p>Prin intermediul formularului de contact disponibil pe site, Public Advisors prelucreaz\u0103 urm\u0103toarele categorii de date cu caracter personal furnizate de utilizatori:<\/p>\n<ul>\n<li>Numele complet \u2013 pentru identificarea corect\u0103 a persoanei care depune cererea;<\/li>\n<li>Adres\u0103 de e-mail \u2013 pentru a v\u0103 oferi un r\u0103spuns la solicitarea dumneavoastr\u0103;<\/li>\n<li>Num\u0103r de telefon \u2013 pentru a v\u0103 contacta telefonic, dac\u0103 este nevoie, pentru clarific\u0103ri;<\/li>\n<li>Con\u021binutul mesajului \u2013 informa\u021biile pe care le furniza\u021bi \u00een mod voluntar \u00een c\u00e2mpul de mesaj al formularului de contact.<\/li>\n<\/ul>\n<p>Public Advisors nu solicit\u0103 \u0219i v\u0103 roag\u0103 s\u0103 nu dezv\u0103lui\u021bi \u00een mesajul dumneavoastr\u0103 date sensibile (cum ar fi date care dezv\u0103luie originea rasial\u0103 sau etnic\u0103, opiniile politice, convingerile religioase sau filozofice, datele medicale sau cazierul judiciar). Datele pe care le furniza\u021bi trebuie s\u0103 fie adecvate \u0219i limitate la ceea ce este necesar pentru procesarea solicit\u0103rii dumneavoastr\u0103.<\/p>\n<h2><strong>Scopul prelucr\u0103rii<\/strong><\/h2>\n<p>Datele cu caracter personal colectate prin intermediul formularului de contact sunt prelucrate <strong>exclusiv \u00een scopul gestion\u0103rii \u0219i trat\u0103rii solicit\u0103rilor dumneavoastr\u0103<\/strong>. Aceasta include analizarea mesajului dumneavoastr\u0103, contactarea dumneavoastr\u0103 pentru a v\u0103 oferi un r\u0103spuns sau informa\u021biile solicitate \u0219i luarea m\u0103surilor necesare pentru a r\u0103spunde eficient solicit\u0103rii dumneavoastr\u0103.<\/p>\n<h2><strong>Temeiul juridic pentru prelucrare<\/strong><\/h2>\n<p>Temeiul juridic pentru prelucrarea datelor cu caracter personal pe care le furniza\u021bi prin intermediul formularului de contact este <strong>interes legitim<\/strong> Public Advisors pentru a r\u0103spunde la \u00eentreb\u0103rile \u0219i mesajele primite de la vizitatorii site-ului web, \u00een \u200b\u200bconformitate cu <strong>Articolul 6 alineatul (1) litera (f) din RGPD<\/strong>. Acest interes legitim const\u0103 \u00een necesitatea de a asigura o comunicare eficient\u0103 cu utilizatorii \u0219i de a oferi asisten\u021b\u0103 sau informa\u021bii.<\/p>\n<h2><strong>Destinatarii datelor<\/strong><\/h2>\n<p class=\"translation-block\">Pentru a asigura func\u021bionarea eficient\u0103 a site-ului web \u0219i gestionarea formularelor de contact, datele dumneavoastr\u0103 pot fi accesate de c\u0103tre <strong>parteneri tehnici de \u00eencredere ai Public Advisors<\/strong>, care ac\u021bioneaz\u0103 ca persoane \u00eemputernicite de operatori de date (de exemplu, furnizori de g\u0103zduire, furnizori de mentenan\u021b\u0103 IT). Ace\u0219ti procesatori ac\u021bioneaz\u0103 exclusiv pe baza instruc\u021biunilor Public Advisors \u0219i sunt obliga\u021bi contractual s\u0103 protejeze confiden\u021bialitatea \u0219i securitatea datelor dumneavoastr\u0103. Destinatarii datelor<\/p>\n<p class=\"translation-block\">\u00cen afar\u0103 de aceste situa\u021bii sau de cazurile \u00een care divulgarea este impus\u0103 de lege, Public Advisors <strong>nu va divulga <\/strong> datele dumneavoastr\u0103 c\u0103tre ter\u021bi.<\/p>\n<h2><strong>Transferuri de date \u00een afara SEE<\/strong><\/h2>\n<p class=\"translation-block\">Public Advisors <strong>nu transfer\u0103<\/strong> datele cu caracter personal colectate prin intermediul site-ului web \u00een afara Spa\u021biului Economic European (SEE). Toate activit\u0103\u021bile de prelucrare sunt efectuate \u00een SEE sau \u00een jurisdic\u021bii considerate a oferi un nivel adecvat de protec\u021bie.  <em>(Not\u0103: consulta\u021bi sec\u021biunea de mai jos despre Google reCAPTCHA cu privire la posibilele transferuri c\u0103tre Google.)<\/em><\/p>\n<h2><strong>P\u0103strarea datelor<\/strong><\/h2>\n<p class=\"translation-block\">Datele personale colectate prin intermediul formularului de contact vor fi stocate pentru o perioad\u0103 maxim\u0103 de  <strong>12 luni<\/strong> de la ultima interac\u021biune cu noi. Dup\u0103 procesarea solicit\u0103rii dvs., p\u0103str\u0103m datele pentru aceast\u0103 perioad\u0103 limitat\u0103 pentru a r\u0103spunde oric\u0103ror solicit\u0103ri sau clarific\u0103ri ulterioare.<\/p>\n<p class=\"translation-block\"><strong>Excep\u021bii:<\/strong> Dac\u0103 exist\u0103 obliga\u021bii legale care impun perioade mai lungi de p\u0103strare sau dac\u0103 Public Advisors are un interes legitim (de exemplu, pentru ap\u0103rarea drepturilor \u00een cazul unui poten\u021bial litigiu), datele pot fi p\u0103strate pentru o perioad\u0103 mai lung\u0103, strict limitate la aceste scopuri.<\/p>\n<p>Dup\u0103 expirarea perioadei de p\u0103strare, datele dumneavoastr\u0103 cu caracter personal vor fi \u0219terse \u00een siguran\u021b\u0103 sau anonimizate.<\/p>\n<h2><strong>Drepturile Persoanelor Vizate<\/strong><\/h2>\n<p class=\"translation-block\">\u00cen conformitate cu GDPR, ave\u021bi urm\u0103toarele <strong>drepturi<\/strong> cu privire la datele dumneavoastr\u0103 cu caracter personal:<\/p>\n<ul>\n<li class=\"translation-block\"><strong>Dreptul de acces<\/strong> \u2013 pentru a ob\u021bine confirmarea dac\u0103 datele dumneavoastr\u0103 sunt prelucrate \u0219i accesul la aceste date;<\/li>\n<li><strong>Dreptul la rectificare<\/strong> \u2013 s\u0103 solicita\u021bi corectarea sau completarea datelor dumneavoastr\u0103 cu caracter personal, dac\u0103 sunt inexacte sau incomplete;<\/li>\n<li><strong>Dreptul la \u0219tergerea datelor (\u201edreptul de a fi uitat\u201d)<\/strong> \u2013 s\u0103 solicita\u021bi \u0219tergerea datelor dumneavoastr\u0103 \u00een anumite circumstan\u021be (de exemplu, dac\u0103 acestea nu mai sunt necesare pentru scopurile pentru care au fost colectate);<\/li>\n<li><strong>Dreptul la restric\u021bionarea prelucr\u0103rii<\/strong> \u2013 s\u0103 solicite suspendarea prelucr\u0103rii \u00een anumite situa\u021bii;<\/li>\n<li><strong>Dreptul de a obiecta<\/strong> \u2013 s\u0103 v\u0103 opune\u021bi, din motive legate de situa\u021bia dumneavoastr\u0103 particular\u0103, prelucr\u0103rii efectuate \u00een temeiul interesului legitim al Operatorului; Dreptul de opozi\u021bie<\/li>\n<li><strong>Dreptul la portabilitatea datelor<\/strong> \u2013 s\u0103 primi\u021bi datele cu caracter personal pe care ni le-a\u021bi furnizat \u00eentr-un format structurat, utilizat \u00een mod curent \u0219i care poate fi citit automat sau s\u0103 solicita\u021bi transmiterea acestor date c\u0103tre un alt operator;<\/li>\n<li><strong>Dreptul de a depune o pl\u00e2ngere<\/strong> \u2013 s\u0103 depune\u021bi o pl\u00e2ngere la Autoritatea Na\u021bional\u0103 de Supraveghere a Prelucr\u0103rii Datelor cu Caracter Personal (ANSPDCP) sau la autoritatea competent\u0103 din \u021bara dumneavoastr\u0103 de re\u0219edin\u021b\u0103, dac\u0103 considera\u021bi c\u0103 v-au fost \u00eenc\u0103lcate drepturile.<\/li>\n<\/ul>\n<p>Pentru a exercita oricare dintre aceste drepturi, ne pute\u021bi contacta la <strong>office@publicadvisors.ro<\/strong>. Vom r\u0103spunde f\u0103r\u0103 \u00eent\u00e2rzieri nejustificate, \u00een termen de o lun\u0103, care poate fi prelungit\u0103 dac\u0103 este necesar, conform prevederilor legale.<\/p>\n<h2><strong>Protec\u021bie antispam \u2013 Google reCAPTCHA<\/strong><\/h2>\n<p>Pentru a proteja site-ul \u0219i formularul de contact \u00eempotriva spamului \u0219i a abuzurilor automate, Public Advisors utilizeaz\u0103 serviciul <strong>Google reCAPTCHA<\/strong> . Acest serviciu ajut\u0103 la determinarea dac\u0103 datele introduse \u00een formular sunt trimise de o persoan\u0103 sau de un program automat.<\/p>\n<p>Utilizarea reCAPTCHA implic\u0103 transmiterea anumitor informa\u021bii despre utilizator c\u0103tre Google (cum ar fi adresa IP, caracteristicile browserului \u0219i interac\u021biunile cu site-ul). Aceste date pot fi stocate pe servere situate \u00een afara SEE. Public Advisors nu controleaz\u0103 modul \u00een care Google prelucreaz\u0103 aceste date. Utilizarea reCAPTCHA este supus\u0103 politicilor Google <strong>Politica de Confiden\u021bialitate<\/strong> \u0219i <strong>Termeni \u0219i condi\u021bii<\/strong>, pe care le pute\u021bi consulta aici: Politica de confiden\u021bialitate Google \u0219i Termenii \u0219i condi\u021biile Google. Prin utilizarea formularului de contact, sunte\u021bi de acord cu prelucrarea acestor date de c\u0103tre Google \u00een conformitate cu politicile sale.<\/p>\n<h2><strong>Prelucrarea datelor \u00een proiectele clien\u021bilor<\/strong><\/h2>\n<p class=\"translation-block\">\u00cen contextul <strong>proiectelor dezvoltate pentru clien\u021bi<\/strong>, Public Advisors poate prelucra \u0219i alte categorii de date cu caracter personal \u00een func\u021bie de proiectul specific (de exemplu, participan\u021bi la campanii, studii, evenimente). \u00cen astfel de cazuri, <strong>persoanele vizate<\/strong> vor fi informate separat \u0219i \u00een mod specific, prin notific\u0103ri de confiden\u021bialitate dedicate, furnizate \u00een momentul colect\u0103rii datelor, \u00een conformitate cu GDPR \u0219i legisla\u021bia aplicabil\u0103.<\/p>\n<p class=\"translation-block\">Aceast\u0103 notificare privind confiden\u021bialitatea se aplic\u0103 exclusiv prelucr\u0103rii datelor efectuate prin intermediul site-ului web <strong>publicadvisors.ro<\/strong>. Public Advisors S.R.L. \u00ee\u0219i rezerv\u0103 dreptul de a actualiza periodic aceast\u0103 notificare pentru a reflecta modific\u0103rile practicilor de prelucrare sau legisla\u021bia aplicabil\u0103. V\u0103 \u00eencuraj\u0103m s\u0103 verifica\u021bi periodic aceast\u0103 pagin\u0103 pentru a fi la curent cu modul \u00een care v\u0103 protej\u0103m datele cu caracter personal.<\/p>\n<p><!-- \/wp:paragraph --><\/p><\/div>\n\t\t\t\t<\/div>\n\t\t\t\t<\/div>\n\t\t\t\t\t\t<\/div>\n\t\t\t\t\t<\/div>\n\t\t<\/div>\n\t\t\t\t\t\t\t\t<\/div>\n\t\t\t\t\t<\/div>\n\t\t<\/section>\n\t\t\t\t\t\t<\/div>\n\t\t\t\t\t\t<\/div>\n\t\t\t\t\t<\/div>","protected":false},"excerpt":{"rendered":"<p>Public Advisors S.R.L. (hereinafter referred to as \u201cPublic Advisors\u201d or the \u201cController\u201d), acting as the data controller, hereby informs you about the way your personal data is processed when you use the website publicadvisors.ro and the contact form available on it. The processing of personal data is carried out in accordance with Regulation (EU) 2016\/679 &hellip;<\/p>\n<p class=\"read-more\"> <a class=\"ast-button\" href=\"https:\/\/www.publicadvisors.ro\/ro\/contact\/privacy-policy\/\"> <span class=\"screen-reader-text\">politica de confiden\u021bialitate.<\/span> Cite\u0219te mai mult \u00bb<\/a><\/p>","protected":false},"author":1,"featured_media":0,"parent":29,"menu_order":1,"comment_status":"closed","ping_status":"open","template":"","meta":[],"_links":{"self":[{"href":"https:\/\/www.publicadvisors.ro\/ro\/wp-json\/wp\/v2\/pages\/3"}],"collection":[{"href":"https:\/\/www.publicadvisors.ro\/ro\/wp-json\/wp\/v2\/pages"}],"about":[{"href":"https:\/\/www.publicadvisors.ro\/ro\/wp-json\/wp\/v2\/types\/page"}],"author":[{"embeddable":true,"href":"https:\/\/www.publicadvisors.ro\/ro\/wp-json\/wp\/v2\/users\/1"}],"replies":[{"embeddable":true,"href":"https:\/\/www.publicadvisors.ro\/ro\/wp-json\/wp\/v2\/comments?post=3"}],"version-history":[{"count":7,"href":"https:\/\/www.publicadvisors.ro\/ro\/wp-json\/wp\/v2\/pages\/3\/revisions"}],"predecessor-version":[{"id":3661,"href":"https:\/\/www.publicadvisors.ro\/ro\/wp-json\/wp\/v2\/pages\/3\/revisions\/3661"}],"up":[{"embeddable":true,"href":"https:\/\/www.publicadvisors.ro\/ro\/wp-json\/wp\/v2\/pages\/29"}],"wp:attachment":[{"href":"https:\/\/www.publicadvisors.ro\/ro\/wp-json\/wp\/v2\/media?parent=3"}],"curies":[{"name":"wp","href":"https:\/\/api.w.org\/{rel}","templated":true}]}}